{"id":692,"date":"2024-05-27T07:11:53","date_gmt":"2024-05-27T07:11:53","guid":{"rendered":"https:\/\/vitale.gotoweb.hr\/?post_type=product&#038;p=692"},"modified":"2025-11-24T14:58:57","modified_gmt":"2025-11-24T14:58:57","slug":"r-shield-light-charity-jam-white","status":"publish","type":"product","link":"https:\/\/vitale.hr\/en\/product\/r-shield-light-charity-jam-white\/","title":{"rendered":"R-Shield Light Charity Jam White"},"content":{"rendered":"<h3 style=\"text-align: center;\">IDEAL FOR:<\/h3>\n<div class=\"rshield-light-icon-container\">\n<div class=\"rshield-light-icon-item\">\n<p><img decoding=\"async\" src=\"https:\/\/img.icons8.com\/ios-filled\/50\/000000\/city.png\" alt=\"Smoggy Environments\" \/>City Traffic Filled with Smog<\/p>\n<\/div>\n<div class=\"rshield-light-icon-item\">\n<p><img decoding=\"async\" src=\"https:\/\/img.icons8.com\/ios-filled\/50\/000000\/flower.png\" alt=\"High Allergen Areas\" \/>High Allergen Areas<\/p>\n<\/div>\n<div class=\"rshield-light-icon-item\">\n<p><img decoding=\"async\" src=\"https:\/\/img.icons8.com\/ios-filled\/50\/000000\/pet.png\" alt=\"Visits with Pets\" \/>Visits with Pets<\/p>\n<\/div>\n<div class=\"rshield-light-icon-item\">\n<p><img decoding=\"async\" src=\"https:\/\/img.icons8.com\/ios-filled\/50\/000000\/bacteria.png\" alt=\"Flu Season\" \/>Flu Season<\/p>\n<\/div>\n<div class=\"rshield-light-icon-item\">\n<p><img decoding=\"async\" src=\"https:\/\/img.icons8.com\/ios-filled\/50\/000000\/suitcase.png\" alt=\"Travel\" \/>Travel<\/p>\n<\/div>\n<div class=\"rshield-light-icon-item\">\n<p><img decoding=\"async\" src=\"https:\/\/img.icons8.com\/ios-filled\/50\/000000\/exercise.png\" alt=\"Sports\" \/>Sports<\/p>\n<\/div>\n<\/div>\n<p><strong>R-shield Light Charity Jam White \u2013 Your Ideal Partner for Warm Days<\/strong><\/p>\n<p><strong>Product Description:<\/strong> The R-shield Light Charity Jam White is an elegant scarf with an integrated RESPILON\u00ae Nano fiber membrane, specifically designed to provide protection during warm days and sports activities. This model was created to support the annual Charity Jam BMX race, combining style, functionality, and a humanitarian purpose.<\/p>\n<div class=\"rshield-section-container\">\n<h3 class=\"rshield-section-title\">R-shield Provides Protection Against<\/h3>\n<div class=\"rshield-icon-container\">\n<div class=\"rshield-icon-item\">\n<p><img decoding=\"async\" src=\"https:\/\/img.icons8.com\/ios-filled\/50\/000000\/vacuum-cleaner.png\" alt=\"Dust\" \/>Dust<\/p>\n<\/div>\n<div class=\"rshield-icon-item\">\n<p><img decoding=\"async\" src=\"https:\/\/img.icons8.com\/ios-filled\/50\/000000\/mold.png\" alt=\"Mold\" \/>Mold<\/p>\n<\/div>\n<div class=\"rshield-icon-item\">\n<p><img decoding=\"async\" src=\"https:\/\/img.icons8.com\/ios-filled\/50\/000000\/factory.png\" alt=\"Smog\" \/>Smog<\/p>\n<\/div>\n<div class=\"rshield-icon-item\">\n<p><img decoding=\"async\" src=\"https:\/\/img.icons8.com\/ios-filled\/50\/000000\/pollen.png\" alt=\"Pollen\" \/>Pollen<\/p>\n<\/div>\n<div class=\"rshield-icon-item\">\n<p><img decoding=\"async\" src=\"https:\/\/img.icons8.com\/ios-filled\/50\/000000\/virus.png\" alt=\"Viruses\" \/>Viruses<\/p>\n<\/div>\n<div class=\"rshield-icon-item\">\n<p><img decoding=\"async\" src=\"https:\/\/img.icons8.com\/ios-filled\/50\/000000\/bacteria.png\" alt=\"Bacteria\" \/>Bacteria<\/p>\n<\/div>\n<div class=\"rshield-icon-item\">\n<p><img decoding=\"async\" src=\"https:\/\/img.icons8.com\/ios-filled\/50\/000000\/mite.png\" alt=\"Dust mites\" \/>Dust mites<\/p>\n<\/div>\n<\/div>\n<\/div>\n<p><strong>How Does the R-shield Work?<\/strong> R-shield koristi naprednu RESPILON\u00ae filtracijsku membranu koja je integrirana u podru\u010dje koje pokriva nos i usta. Ova gusta mre\u017ea Nano vlakana blokira \u010dak i najmanje \u010destice, omogu\u0107uju\u0107i vam da di\u0161ete \u010dist zrak bez ikakve te\u017eine.<\/p>\n<p><strong>Maintenance:<\/strong> Wash the R-shield at 30\u00b0C (86\u00b0F) on the \"hand wash\" setting with mild detergent. Do not use fabric softeners, bleach, or tumble dry. Simply hang the scarf to air dry for 12-24 hours.<\/p>\n<p><strong>Dimensions and Composition:<\/strong><\/p>\n<ul>\n<li>Dimensions of R-shield: 255 mm x 340 mm (W x H)<\/li>\n<li>Dimensions of Nano Fiber Membrane: 220 mm x 140 mm (W x H)<\/li>\n<li>R-shield Composition: 84% Polyester, 16% Elastane<\/li>\n<li>Nano Fiber Membrane Composition: 99.99% Polypropylene, 0.01% PVDF<\/li>\n<\/ul>\n<p><strong>Practical Pouch:<\/strong> The R-shield comes with a practical pouch that protects the scarf from dirt, damage, or cross-contamination. The pouch features an inner pocket for storing your documents and other valuables.<\/p>\n<p>Breathe Clean Air Without Fashion Compromises with the R-shield Light Charity Jam White. Ideal for warm days and sports activities, this scarf provides top-notch protection and style. Add it to your collection and ensure safety wherever you go.<\/p>","protected":false},"excerpt":{"rendered":"<p class=\"tx-excerpt\"><strong>R-shield Light Charity Jam White \u2013 Your Protector for Warm Days and Sports Activities<\/strong>\r\n\r\nOvaj poseban model R-shield \u0161ala stvoren je s ciljem podr\u0161ke godi\u0161njoj Charity Jam BMX utrci. Dizajniran s integriranom RESPILON\u00ae membranom","protected":false},"featured_media":633,"comment_status":"open","ping_status":"closed","template":"","meta":[],"product_cat":[51],"product_tag":[],"yoast_head":"<!-- This site is optimized with the Yoast SEO plugin v23.9 - https:\/\/yoast.com\/wordpress\/plugins\/seo\/ -->\n<title>R-Shield Light Charity Jam White - Vitale d.o.o.<\/title>\n<meta name=\"robots\" content=\"index, follow, max-snippet:-1, max-image-preview:large, max-video-preview:-1\" \/>\n<link rel=\"canonical\" href=\"https:\/\/vitale.hr\/en\/product\/r-shield-light-charity-jam-white\/\" \/>\n<meta property=\"og:locale\" content=\"en_US\" \/>\n<meta property=\"og:type\" content=\"article\" \/>\n<meta property=\"og:title\" content=\"R-Shield Light Charity Jam White - Vitale d.o.o.\" \/>\n<meta property=\"og:description\" content=\"R-shield Light Charity Jam White \u2013 Va\u0161 za\u0161titnik za tople dane i sportske aktivnosti  Ovaj poseban model R-shield \u0161ala stvoren je s ciljem podr\u0161ke godi\u0161njoj Charity Jam BMX utrci. Dizajniran s integriranom RESPILON\u00ae membranom od Nano vlakana, R-shield Light Charity Jam White nudi vrhunsku za\u0161titu od opasnih \u010destica i mikroorganizama, dok istovremeno osigurava izvanrednu prozra\u010dnost i udobnost.  Klju\u010dne zna\u010dajke:   Certifikat: FFP2 NR certificiran prema EN 149:2001+A1:2009  Humanitarni dizajn: Ovaj model podr\u017eava Charity Jam BMX utrku, spajaju\u0107i stil i dru\u0161tvenu odgovornost.  Napredna filtracija: RESPILON\u00ae Nano vlakna zaustavljaju do 99,8% virusa, bakterija i mikro \u010destica.  Prozra\u010dan i lagan: Idealan za tople dane i intenzivne aktivnosti.  Podesivo pristajanje: Savr\u0161eno pristaje svakom tipu i veli\u010dini lica.  Ekolo\u0161ki: Mogu\u0107e ga je prati, bez potrebe za zamjenom vanjskih filtera.  Prakti\u010dna torbica: Za R-shield mo\u017eete naru\u010diti prakti\u010dnu torbicu koja \u0161titi \u0161al od prljanja, o\u0161te\u0107enja ili unakrsne kontaminacije. Torbica ima unutarnji d\u017eep za pohranu va\u0161ih dokumenata i drugih dragocjenosti.  U\u017eivajte u \u010distom zraku bez kompromisa s R-shield Light Charity Jam White.  &nbsp;\" \/>\n<meta property=\"og:url\" content=\"https:\/\/vitale.hr\/en\/product\/r-shield-light-charity-jam-white\/\" \/>\n<meta property=\"og:site_name\" content=\"Vitale d.o.o.\" \/>\n<meta property=\"article:modified_time\" content=\"2025-11-24T14:58:57+00:00\" \/>\n<meta property=\"og:image\" content=\"https:\/\/vitale.hr\/wp-content\/uploads\/2024\/05\/Mozaik-R-shield.jpg\" \/>\n\t<meta property=\"og:image:width\" content=\"1200\" \/>\n\t<meta property=\"og:image:height\" content=\"630\" \/>\n\t<meta property=\"og:image:type\" content=\"image\/jpeg\" \/>\n<meta name=\"twitter:card\" content=\"summary_large_image\" \/>\n<script type=\"application\/ld+json\" class=\"yoast-schema-graph\">{\"@context\":\"https:\/\/schema.org\",\"@graph\":[{\"@type\":\"WebPage\",\"@id\":\"https:\/\/vitale.hr\/proizvod\/r-shield-light-charity-jam-white\/\",\"url\":\"https:\/\/vitale.hr\/proizvod\/r-shield-light-charity-jam-white\/\",\"name\":\"R-Shield Light Charity Jam White - Vitale d.o.o.\",\"isPartOf\":{\"@id\":\"https:\/\/vitale.hr\/#website\"},\"primaryImageOfPage\":{\"@id\":\"https:\/\/vitale.hr\/proizvod\/r-shield-light-charity-jam-white\/#primaryimage\"},\"image\":{\"@id\":\"https:\/\/vitale.hr\/proizvod\/r-shield-light-charity-jam-white\/#primaryimage\"},\"thumbnailUrl\":\"https:\/\/vitale.hr\/wp-content\/uploads\/2024\/05\/R-Shield-Charity-Jam-White-4_00-r-shield-zimni-chjw.webp\",\"datePublished\":\"2024-05-27T07:11:53+00:00\",\"dateModified\":\"2025-11-24T14:58:57+00:00\",\"breadcrumb\":{\"@id\":\"https:\/\/vitale.hr\/proizvod\/r-shield-light-charity-jam-white\/#breadcrumb\"},\"inLanguage\":\"en-US\",\"potentialAction\":[{\"@type\":\"ReadAction\",\"target\":[\"https:\/\/vitale.hr\/proizvod\/r-shield-light-charity-jam-white\/\"]}]},{\"@type\":\"ImageObject\",\"inLanguage\":\"en-US\",\"@id\":\"https:\/\/vitale.hr\/proizvod\/r-shield-light-charity-jam-white\/#primaryimage\",\"url\":\"https:\/\/vitale.hr\/wp-content\/uploads\/2024\/05\/R-Shield-Charity-Jam-White-4_00-r-shield-zimni-chjw.webp\",\"contentUrl\":\"https:\/\/vitale.hr\/wp-content\/uploads\/2024\/05\/R-Shield-Charity-Jam-White-4_00-r-shield-zimni-chjw.webp\",\"width\":1024,\"height\":768},{\"@type\":\"BreadcrumbList\",\"@id\":\"https:\/\/vitale.hr\/proizvod\/r-shield-light-charity-jam-white\/#breadcrumb\",\"itemListElement\":[{\"@type\":\"ListItem\",\"position\":1,\"name\":\"Home\",\"item\":\"https:\/\/vitale.hr\/\"},{\"@type\":\"ListItem\",\"position\":2,\"name\":\"Trgovina\",\"item\":\"https:\/\/vitale.hr\/en\/shop\/\"},{\"@type\":\"ListItem\",\"position\":3,\"name\":\"R-Shield Light Charity Jam White\"}]},{\"@type\":\"WebSite\",\"@id\":\"https:\/\/vitale.hr\/#website\",\"url\":\"https:\/\/vitale.hr\/\",\"name\":\"Vitale d.o.o.\",\"description\":\"Proizvodi budu\u0107nosti\",\"publisher\":{\"@id\":\"https:\/\/vitale.hr\/#organization\"},\"potentialAction\":[{\"@type\":\"SearchAction\",\"target\":{\"@type\":\"EntryPoint\",\"urlTemplate\":\"https:\/\/vitale.hr\/?s={search_term_string}\"},\"query-input\":{\"@type\":\"PropertyValueSpecification\",\"valueRequired\":true,\"valueName\":\"search_term_string\"}}],\"inLanguage\":\"en-US\"},{\"@type\":\"Organization\",\"@id\":\"https:\/\/vitale.hr\/#organization\",\"name\":\"Vitale d.o.o.\",\"url\":\"https:\/\/vitale.hr\/\",\"logo\":{\"@type\":\"ImageObject\",\"inLanguage\":\"en-US\",\"@id\":\"https:\/\/vitale.hr\/#\/schema\/logo\/image\/\",\"url\":\"https:\/\/vitale.hr\/wp-content\/uploads\/2024\/06\/Vitale-Logo.webp\",\"contentUrl\":\"https:\/\/vitale.hr\/wp-content\/uploads\/2024\/06\/Vitale-Logo.webp\",\"width\":200,\"height\":50,\"caption\":\"Vitale d.o.o.\"},\"image\":{\"@id\":\"https:\/\/vitale.hr\/#\/schema\/logo\/image\/\"}}]}<\/script>\n<!-- \/ Yoast SEO plugin. -->","yoast_head_json":{"title":"R-Shield Light Charity Jam White - Vitale d.o.o.","robots":{"index":"index","follow":"follow","max-snippet":"max-snippet:-1","max-image-preview":"max-image-preview:large","max-video-preview":"max-video-preview:-1"},"canonical":"https:\/\/vitale.hr\/en\/product\/r-shield-light-charity-jam-white\/","og_locale":"en_US","og_type":"article","og_title":"R-Shield Light Charity Jam White - Vitale d.o.o.","og_description":"R-shield Light Charity Jam White \u2013 Va\u0161 za\u0161titnik za tople dane i sportske aktivnosti  Ovaj poseban model R-shield \u0161ala stvoren je s ciljem podr\u0161ke godi\u0161njoj Charity Jam BMX utrci. Dizajniran s integriranom RESPILON\u00ae membranom od Nano vlakana, R-shield Light Charity Jam White nudi vrhunsku za\u0161titu od opasnih \u010destica i mikroorganizama, dok istovremeno osigurava izvanrednu prozra\u010dnost i udobnost.  Klju\u010dne zna\u010dajke:   Certifikat: FFP2 NR certificiran prema EN 149:2001+A1:2009  Humanitarni dizajn: Ovaj model podr\u017eava Charity Jam BMX utrku, spajaju\u0107i stil i dru\u0161tvenu odgovornost.  Napredna filtracija: RESPILON\u00ae Nano vlakna zaustavljaju do 99,8% virusa, bakterija i mikro \u010destica.  Prozra\u010dan i lagan: Idealan za tople dane i intenzivne aktivnosti.  Podesivo pristajanje: Savr\u0161eno pristaje svakom tipu i veli\u010dini lica.  Ekolo\u0161ki: Mogu\u0107e ga je prati, bez potrebe za zamjenom vanjskih filtera.  Prakti\u010dna torbica: Za R-shield mo\u017eete naru\u010diti prakti\u010dnu torbicu koja \u0161titi \u0161al od prljanja, o\u0161te\u0107enja ili unakrsne kontaminacije. Torbica ima unutarnji d\u017eep za pohranu va\u0161ih dokumenata i drugih dragocjenosti.  U\u017eivajte u \u010distom zraku bez kompromisa s R-shield Light Charity Jam White.  &nbsp;","og_url":"https:\/\/vitale.hr\/en\/product\/r-shield-light-charity-jam-white\/","og_site_name":"Vitale d.o.o.","article_modified_time":"2025-11-24T14:58:57+00:00","og_image":[{"width":1200,"height":630,"url":"https:\/\/vitale.hr\/wp-content\/uploads\/2024\/05\/Mozaik-R-shield.jpg","type":"image\/jpeg"}],"twitter_card":"summary_large_image","schema":{"@context":"https:\/\/schema.org","@graph":[{"@type":"WebPage","@id":"https:\/\/vitale.hr\/proizvod\/r-shield-light-charity-jam-white\/","url":"https:\/\/vitale.hr\/proizvod\/r-shield-light-charity-jam-white\/","name":"R-Shield Light Charity Jam White - Vitale d.o.o.","isPartOf":{"@id":"https:\/\/vitale.hr\/#website"},"primaryImageOfPage":{"@id":"https:\/\/vitale.hr\/proizvod\/r-shield-light-charity-jam-white\/#primaryimage"},"image":{"@id":"https:\/\/vitale.hr\/proizvod\/r-shield-light-charity-jam-white\/#primaryimage"},"thumbnailUrl":"https:\/\/vitale.hr\/wp-content\/uploads\/2024\/05\/R-Shield-Charity-Jam-White-4_00-r-shield-zimni-chjw.webp","datePublished":"2024-05-27T07:11:53+00:00","dateModified":"2025-11-24T14:58:57+00:00","breadcrumb":{"@id":"https:\/\/vitale.hr\/proizvod\/r-shield-light-charity-jam-white\/#breadcrumb"},"inLanguage":"en-US","potentialAction":[{"@type":"ReadAction","target":["https:\/\/vitale.hr\/proizvod\/r-shield-light-charity-jam-white\/"]}]},{"@type":"ImageObject","inLanguage":"en-US","@id":"https:\/\/vitale.hr\/proizvod\/r-shield-light-charity-jam-white\/#primaryimage","url":"https:\/\/vitale.hr\/wp-content\/uploads\/2024\/05\/R-Shield-Charity-Jam-White-4_00-r-shield-zimni-chjw.webp","contentUrl":"https:\/\/vitale.hr\/wp-content\/uploads\/2024\/05\/R-Shield-Charity-Jam-White-4_00-r-shield-zimni-chjw.webp","width":1024,"height":768},{"@type":"BreadcrumbList","@id":"https:\/\/vitale.hr\/proizvod\/r-shield-light-charity-jam-white\/#breadcrumb","itemListElement":[{"@type":"ListItem","position":1,"name":"Home","item":"https:\/\/vitale.hr\/"},{"@type":"ListItem","position":2,"name":"Trgovina","item":"https:\/\/vitale.hr\/en\/shop\/"},{"@type":"ListItem","position":3,"name":"R-Shield Light Charity Jam White"}]},{"@type":"WebSite","@id":"https:\/\/vitale.hr\/#website","url":"https:\/\/vitale.hr\/","name":"Vitale d.o.o.","description":"Proizvodi budu\u0107nosti","publisher":{"@id":"https:\/\/vitale.hr\/#organization"},"potentialAction":[{"@type":"SearchAction","target":{"@type":"EntryPoint","urlTemplate":"https:\/\/vitale.hr\/?s={search_term_string}"},"query-input":{"@type":"PropertyValueSpecification","valueRequired":true,"valueName":"search_term_string"}}],"inLanguage":"en-US"},{"@type":"Organization","@id":"https:\/\/vitale.hr\/#organization","name":"Vitale d.o.o.","url":"https:\/\/vitale.hr\/","logo":{"@type":"ImageObject","inLanguage":"en-US","@id":"https:\/\/vitale.hr\/#\/schema\/logo\/image\/","url":"https:\/\/vitale.hr\/wp-content\/uploads\/2024\/06\/Vitale-Logo.webp","contentUrl":"https:\/\/vitale.hr\/wp-content\/uploads\/2024\/06\/Vitale-Logo.webp","width":200,"height":50,"caption":"Vitale d.o.o."},"image":{"@id":"https:\/\/vitale.hr\/#\/schema\/logo\/image\/"}}]}},"_links":{"self":[{"href":"https:\/\/vitale.hr\/en\/wp-json\/wp\/v2\/product\/692"}],"collection":[{"href":"https:\/\/vitale.hr\/en\/wp-json\/wp\/v2\/product"}],"about":[{"href":"https:\/\/vitale.hr\/en\/wp-json\/wp\/v2\/types\/product"}],"replies":[{"embeddable":true,"href":"https:\/\/vitale.hr\/en\/wp-json\/wp\/v2\/comments?post=692"}],"version-history":[{"count":4,"href":"https:\/\/vitale.hr\/en\/wp-json\/wp\/v2\/product\/692\/revisions"}],"predecessor-version":[{"id":2640,"href":"https:\/\/vitale.hr\/en\/wp-json\/wp\/v2\/product\/692\/revisions\/2640"}],"wp:featuredmedia":[{"embeddable":true,"href":"https:\/\/vitale.hr\/en\/wp-json\/wp\/v2\/media\/633"}],"wp:attachment":[{"href":"https:\/\/vitale.hr\/en\/wp-json\/wp\/v2\/media?parent=692"}],"wp:term":[{"taxonomy":"product_cat","embeddable":true,"href":"https:\/\/vitale.hr\/en\/wp-json\/wp\/v2\/product_cat?post=692"},{"taxonomy":"product_tag","embeddable":true,"href":"https:\/\/vitale.hr\/en\/wp-json\/wp\/v2\/product_tag?post=692"}],"curies":[{"name":"wp","href":"https:\/\/api.w.org\/{rel}","templated":true}]}}