{"id":683,"date":"2024-05-27T07:10:08","date_gmt":"2024-05-27T07:10:08","guid":{"rendered":"https:\/\/vitale.gotoweb.hr\/?post_type=product&#038;p=683"},"modified":"2025-11-10T11:10:29","modified_gmt":"2025-11-10T11:10:29","slug":"r-shield-light-charity-jam-black","status":"publish","type":"product","link":"https:\/\/vitale.hr\/en\/product\/r-shield-light-charity-jam-black\/","title":{"rendered":"R-Shield Light Charity Jam Black"},"content":{"rendered":"<h3 style=\"text-align: center;\">IDEAL FOR:<\/h3>\n<div class=\"rshield-light-icon-container\">\n<div class=\"rshield-light-icon-item\">\n<p><img decoding=\"async\" src=\"https:\/\/img.icons8.com\/ios-filled\/50\/000000\/city.png\" alt=\"Smoggy Environments\" \/>City Traffic Filled with Smog<\/p>\n<\/div>\n<div class=\"rshield-light-icon-item\">\n<p><img decoding=\"async\" src=\"https:\/\/img.icons8.com\/ios-filled\/50\/000000\/flower.png\" alt=\"High Allergen Areas\" \/>High Allergen Areas<\/p>\n<\/div>\n<div class=\"rshield-light-icon-item\">\n<p><img decoding=\"async\" src=\"https:\/\/img.icons8.com\/ios-filled\/50\/000000\/pet.png\" alt=\"Visits with Pets\" \/>Visits with Pets<\/p>\n<\/div>\n<div class=\"rshield-light-icon-item\">\n<p><img decoding=\"async\" src=\"https:\/\/img.icons8.com\/ios-filled\/50\/000000\/bacteria.png\" alt=\"Flu Season\" \/>Flu Season<\/p>\n<\/div>\n<div class=\"rshield-light-icon-item\">\n<p><img decoding=\"async\" src=\"https:\/\/img.icons8.com\/ios-filled\/50\/000000\/suitcase.png\" alt=\"Travel\" \/>Travel<\/p>\n<\/div>\n<div class=\"rshield-light-icon-item\">\n<p><img decoding=\"async\" src=\"https:\/\/img.icons8.com\/ios-filled\/50\/000000\/exercise.png\" alt=\"Sports\" \/>Sports<\/p>\n<\/div>\n<\/div>\n<p><strong>R-shield Light Charity Jam Black \u2013 Protection with Style<\/strong><\/p>\n<p><strong>Product Description:<\/strong> The R-shield Light Charity Jam Black is a unique scarf that combines protection and fashion. With an integrated RESPILON\u00ae Nano fiber membrane, this scarf blocks up to 99.8% of viruses, bacteria, and micro-particles, while still providing breathability and comfort, making it ideal for warm days and sports activities.<\/p>\n<div class=\"rshield-section-container\">\n<h3 class=\"rshield-section-title\">R-shield Provides Protection Against<\/h3>\n<div class=\"rshield-icon-container\">\n<div class=\"rshield-icon-item\">\n<p><img decoding=\"async\" src=\"https:\/\/img.icons8.com\/ios-filled\/50\/000000\/vacuum-cleaner.png\" alt=\"Dust\" \/>Dust<\/p>\n<\/div>\n<div class=\"rshield-icon-item\">\n<p><img decoding=\"async\" src=\"https:\/\/img.icons8.com\/ios-filled\/50\/000000\/mold.png\" alt=\"Mold\" \/>Mold<\/p>\n<\/div>\n<div class=\"rshield-icon-item\">\n<p><img decoding=\"async\" src=\"https:\/\/img.icons8.com\/ios-filled\/50\/000000\/factory.png\" alt=\"Smog\" \/>Smog<\/p>\n<\/div>\n<div class=\"rshield-icon-item\">\n<p><img decoding=\"async\" src=\"https:\/\/img.icons8.com\/ios-filled\/50\/000000\/pollen.png\" alt=\"Pollen\" \/>Pollen<\/p>\n<\/div>\n<div class=\"rshield-icon-item\">\n<p><img decoding=\"async\" src=\"https:\/\/img.icons8.com\/ios-filled\/50\/000000\/virus.png\" alt=\"Viruses\" \/>Viruses<\/p>\n<\/div>\n<div class=\"rshield-icon-item\">\n<p><img decoding=\"async\" src=\"https:\/\/img.icons8.com\/ios-filled\/50\/000000\/bacteria.png\" alt=\"Bacteria\" \/>Bacteria<\/p>\n<\/div>\n<div class=\"rshield-icon-item\">\n<p><img decoding=\"async\" src=\"https:\/\/img.icons8.com\/ios-filled\/50\/000000\/mite.png\" alt=\"Dust mites\" \/>Dust mites<\/p>\n<\/div>\n<\/div>\n<\/div>\n<p><strong>How Does the R-shield Work?<\/strong> The R-shield uses a RESPILON\u00ae filtration membrane strategically placed in the area covering the nose and mouth. This membrane acts as a dense mesh that blocks even the smallest particles, ensuring clean air without any burden.<\/p>\n<p><strong>Maintenance:<\/strong> Wash the R-shield at 30\u00b0C (86\u00b0F) on the \u201chand wash\u201d setting with mild detergent. Avoid fabric softeners, bleach, and tumble drying. Hang the scarf to air dry naturally for 12-24 hours.<\/p>\n<p><strong>Dimensions and Composition:<\/strong><\/p>\n<ul>\n<li>Dimensions of R-shield: 270 mm x 340 mm (W x H)<\/li>\n<li>Dimensions of Nano Fiber Membrane: 220 mm x 140 mm (W x H)<\/li>\n<li>R-shield Composition: 89% Polyester, 11% Elastane<\/li>\n<li>Nano Fiber Membrane Composition: 99.99% Polypropylene, 0.01% PVDF<\/li>\n<\/ul>\n<p><strong>Practical Pouch:<\/strong> The R-shield comes with a pouch that protects the scarf from dirt and damage. The pouch also includes an inner pocket for storing documents and other valuables.<\/p>\n<p>Breathe Clean Air Without Compromise with the R-shield Light Charity Jam Black. Ideal for warm days and sports activities, this scarf offers top-notch protection and style. Add it to your collection and ensure your safety wherever you go.<\/p>","protected":false},"excerpt":{"rendered":"<p class=\"tx-excerpt\"><strong>R-shield Light Charity Jam Black \u2013 Exceptional Protection for Warm Days<\/strong>\r\n\r\nR-shield Light Charity Jam Black kombinira stil i funkcionalnost kako bi pru\u017eio izvanrednu za\u0161titu tijekom toplih dana i sportskih aktivnosti. Ovaj elegantni \u0161al","protected":false},"featured_media":687,"comment_status":"open","ping_status":"closed","template":"","meta":[],"product_cat":[51],"product_tag":[],"yoast_head":"<!-- This site is optimized with the Yoast SEO plugin v23.9 - https:\/\/yoast.com\/wordpress\/plugins\/seo\/ -->\n<title>R-Shield Light Charity Jam Black - Vitale d.o.o.<\/title>\n<meta name=\"robots\" content=\"index, follow, max-snippet:-1, max-image-preview:large, max-video-preview:-1\" \/>\n<link rel=\"canonical\" href=\"https:\/\/vitale.hr\/en\/product\/r-shield-light-charity-jam-black\/\" \/>\n<meta property=\"og:locale\" content=\"en_US\" \/>\n<meta property=\"og:type\" content=\"article\" \/>\n<meta property=\"og:title\" content=\"R-Shield Light Charity Jam Black - Vitale d.o.o.\" \/>\n<meta property=\"og:description\" content=\"R-shield Light Charity Jam Black \u2013 Izvanredna za\u0161tita za tople dane  R-shield Light Charity Jam Black kombinira stil i funkcionalnost kako bi pru\u017eio izvanrednu za\u0161titu tijekom toplih dana i sportskih aktivnosti. Ovaj elegantni \u0161al s integriranom RESPILON\u00ae membranom od Nano vlakana hvata do 99,8% opasnih \u010destica i mikroorganizama, osiguravaju\u0107i vam \u010disti zrak u svakoj situaciji.  Klju\u010dne prednosti:   Certifikat: FFP2 NR certificiran prema EN 149:2001+A1:2009  Napredna RESPILON\u00ae tehnologija: U\u0161ivena membrana od Nano vlakana koja hvata do 99,8% virusa i bakterija.  Lagani materijal: Prozra\u010dnost i elasti\u010dnost \u010dine ga idealnim za ljetne dane i sportske aktivnosti.  Ergonomski dizajn: Podesiva kop\u010da za nos i stra\u017enja kop\u010da osiguravaju savr\u0161eno pristajanje bez neugodnosti.  Ekolo\u0161ki proizvod: Periv, bez potrebe za zamjenom vanjskih filtera.  Prakti\u010dna torbica: Za R-shield mo\u017eete naru\u010diti prakti\u010dnu torbicu koja \u0161titi \u0161al od prljanja, o\u0161te\u0107enja ili unakrsne kontaminacije. Torbica ima unutarnji d\u017eep za pohranu va\u0161ih dokumenata i drugih dragocjenosti.  &nbsp;    &nbsp;\" \/>\n<meta property=\"og:url\" content=\"https:\/\/vitale.hr\/en\/product\/r-shield-light-charity-jam-black\/\" \/>\n<meta property=\"og:site_name\" content=\"Vitale d.o.o.\" \/>\n<meta property=\"article:modified_time\" content=\"2025-11-10T11:10:29+00:00\" \/>\n<meta property=\"og:image\" content=\"https:\/\/vitale.hr\/wp-content\/uploads\/2024\/05\/Mozaik-R-shield.jpg\" \/>\n\t<meta property=\"og:image:width\" content=\"1200\" \/>\n\t<meta property=\"og:image:height\" content=\"630\" \/>\n\t<meta property=\"og:image:type\" content=\"image\/jpeg\" \/>\n<meta name=\"twitter:card\" content=\"summary_large_image\" \/>\n<script type=\"application\/ld+json\" class=\"yoast-schema-graph\">{\"@context\":\"https:\/\/schema.org\",\"@graph\":[{\"@type\":\"WebPage\",\"@id\":\"https:\/\/vitale.hr\/proizvod\/r-shield-light-charity-jam-black\/\",\"url\":\"https:\/\/vitale.hr\/proizvod\/r-shield-light-charity-jam-black\/\",\"name\":\"R-Shield Light Charity Jam Black - Vitale d.o.o.\",\"isPartOf\":{\"@id\":\"https:\/\/vitale.hr\/#website\"},\"primaryImageOfPage\":{\"@id\":\"https:\/\/vitale.hr\/proizvod\/r-shield-light-charity-jam-black\/#primaryimage\"},\"image\":{\"@id\":\"https:\/\/vitale.hr\/proizvod\/r-shield-light-charity-jam-black\/#primaryimage\"},\"thumbnailUrl\":\"https:\/\/vitale.hr\/wp-content\/uploads\/2024\/05\/R-Shield-Light-Charity-Jam-Black-4_00-r-shield-letni-chjb.webp\",\"datePublished\":\"2024-05-27T07:10:08+00:00\",\"dateModified\":\"2025-11-10T11:10:29+00:00\",\"breadcrumb\":{\"@id\":\"https:\/\/vitale.hr\/proizvod\/r-shield-light-charity-jam-black\/#breadcrumb\"},\"inLanguage\":\"en-US\",\"potentialAction\":[{\"@type\":\"ReadAction\",\"target\":[\"https:\/\/vitale.hr\/proizvod\/r-shield-light-charity-jam-black\/\"]}]},{\"@type\":\"ImageObject\",\"inLanguage\":\"en-US\",\"@id\":\"https:\/\/vitale.hr\/proizvod\/r-shield-light-charity-jam-black\/#primaryimage\",\"url\":\"https:\/\/vitale.hr\/wp-content\/uploads\/2024\/05\/R-Shield-Light-Charity-Jam-Black-4_00-r-shield-letni-chjb.webp\",\"contentUrl\":\"https:\/\/vitale.hr\/wp-content\/uploads\/2024\/05\/R-Shield-Light-Charity-Jam-Black-4_00-r-shield-letni-chjb.webp\",\"width\":1024,\"height\":768},{\"@type\":\"BreadcrumbList\",\"@id\":\"https:\/\/vitale.hr\/proizvod\/r-shield-light-charity-jam-black\/#breadcrumb\",\"itemListElement\":[{\"@type\":\"ListItem\",\"position\":1,\"name\":\"Home\",\"item\":\"https:\/\/vitale.hr\/\"},{\"@type\":\"ListItem\",\"position\":2,\"name\":\"Trgovina\",\"item\":\"https:\/\/vitale.hr\/en\/shop\/\"},{\"@type\":\"ListItem\",\"position\":3,\"name\":\"R-Shield Light Charity Jam Black\"}]},{\"@type\":\"WebSite\",\"@id\":\"https:\/\/vitale.hr\/#website\",\"url\":\"https:\/\/vitale.hr\/\",\"name\":\"Vitale d.o.o.\",\"description\":\"Proizvodi budu\u0107nosti\",\"publisher\":{\"@id\":\"https:\/\/vitale.hr\/#organization\"},\"potentialAction\":[{\"@type\":\"SearchAction\",\"target\":{\"@type\":\"EntryPoint\",\"urlTemplate\":\"https:\/\/vitale.hr\/?s={search_term_string}\"},\"query-input\":{\"@type\":\"PropertyValueSpecification\",\"valueRequired\":true,\"valueName\":\"search_term_string\"}}],\"inLanguage\":\"en-US\"},{\"@type\":\"Organization\",\"@id\":\"https:\/\/vitale.hr\/#organization\",\"name\":\"Vitale d.o.o.\",\"url\":\"https:\/\/vitale.hr\/\",\"logo\":{\"@type\":\"ImageObject\",\"inLanguage\":\"en-US\",\"@id\":\"https:\/\/vitale.hr\/#\/schema\/logo\/image\/\",\"url\":\"https:\/\/vitale.hr\/wp-content\/uploads\/2024\/06\/Vitale-Logo.webp\",\"contentUrl\":\"https:\/\/vitale.hr\/wp-content\/uploads\/2024\/06\/Vitale-Logo.webp\",\"width\":200,\"height\":50,\"caption\":\"Vitale d.o.o.\"},\"image\":{\"@id\":\"https:\/\/vitale.hr\/#\/schema\/logo\/image\/\"}}]}<\/script>\n<!-- \/ Yoast SEO plugin. -->","yoast_head_json":{"title":"R-Shield Light Charity Jam Black - Vitale d.o.o.","robots":{"index":"index","follow":"follow","max-snippet":"max-snippet:-1","max-image-preview":"max-image-preview:large","max-video-preview":"max-video-preview:-1"},"canonical":"https:\/\/vitale.hr\/en\/product\/r-shield-light-charity-jam-black\/","og_locale":"en_US","og_type":"article","og_title":"R-Shield Light Charity Jam Black - Vitale d.o.o.","og_description":"R-shield Light Charity Jam Black \u2013 Izvanredna za\u0161tita za tople dane  R-shield Light Charity Jam Black kombinira stil i funkcionalnost kako bi pru\u017eio izvanrednu za\u0161titu tijekom toplih dana i sportskih aktivnosti. Ovaj elegantni \u0161al s integriranom RESPILON\u00ae membranom od Nano vlakana hvata do 99,8% opasnih \u010destica i mikroorganizama, osiguravaju\u0107i vam \u010disti zrak u svakoj situaciji.  Klju\u010dne prednosti:   Certifikat: FFP2 NR certificiran prema EN 149:2001+A1:2009  Napredna RESPILON\u00ae tehnologija: U\u0161ivena membrana od Nano vlakana koja hvata do 99,8% virusa i bakterija.  Lagani materijal: Prozra\u010dnost i elasti\u010dnost \u010dine ga idealnim za ljetne dane i sportske aktivnosti.  Ergonomski dizajn: Podesiva kop\u010da za nos i stra\u017enja kop\u010da osiguravaju savr\u0161eno pristajanje bez neugodnosti.  Ekolo\u0161ki proizvod: Periv, bez potrebe za zamjenom vanjskih filtera.  Prakti\u010dna torbica: Za R-shield mo\u017eete naru\u010diti prakti\u010dnu torbicu koja \u0161titi \u0161al od prljanja, o\u0161te\u0107enja ili unakrsne kontaminacije. Torbica ima unutarnji d\u017eep za pohranu va\u0161ih dokumenata i drugih dragocjenosti.  &nbsp;    &nbsp;","og_url":"https:\/\/vitale.hr\/en\/product\/r-shield-light-charity-jam-black\/","og_site_name":"Vitale d.o.o.","article_modified_time":"2025-11-10T11:10:29+00:00","og_image":[{"width":1200,"height":630,"url":"https:\/\/vitale.hr\/wp-content\/uploads\/2024\/05\/Mozaik-R-shield.jpg","type":"image\/jpeg"}],"twitter_card":"summary_large_image","schema":{"@context":"https:\/\/schema.org","@graph":[{"@type":"WebPage","@id":"https:\/\/vitale.hr\/proizvod\/r-shield-light-charity-jam-black\/","url":"https:\/\/vitale.hr\/proizvod\/r-shield-light-charity-jam-black\/","name":"R-Shield Light Charity Jam Black - Vitale d.o.o.","isPartOf":{"@id":"https:\/\/vitale.hr\/#website"},"primaryImageOfPage":{"@id":"https:\/\/vitale.hr\/proizvod\/r-shield-light-charity-jam-black\/#primaryimage"},"image":{"@id":"https:\/\/vitale.hr\/proizvod\/r-shield-light-charity-jam-black\/#primaryimage"},"thumbnailUrl":"https:\/\/vitale.hr\/wp-content\/uploads\/2024\/05\/R-Shield-Light-Charity-Jam-Black-4_00-r-shield-letni-chjb.webp","datePublished":"2024-05-27T07:10:08+00:00","dateModified":"2025-11-10T11:10:29+00:00","breadcrumb":{"@id":"https:\/\/vitale.hr\/proizvod\/r-shield-light-charity-jam-black\/#breadcrumb"},"inLanguage":"en-US","potentialAction":[{"@type":"ReadAction","target":["https:\/\/vitale.hr\/proizvod\/r-shield-light-charity-jam-black\/"]}]},{"@type":"ImageObject","inLanguage":"en-US","@id":"https:\/\/vitale.hr\/proizvod\/r-shield-light-charity-jam-black\/#primaryimage","url":"https:\/\/vitale.hr\/wp-content\/uploads\/2024\/05\/R-Shield-Light-Charity-Jam-Black-4_00-r-shield-letni-chjb.webp","contentUrl":"https:\/\/vitale.hr\/wp-content\/uploads\/2024\/05\/R-Shield-Light-Charity-Jam-Black-4_00-r-shield-letni-chjb.webp","width":1024,"height":768},{"@type":"BreadcrumbList","@id":"https:\/\/vitale.hr\/proizvod\/r-shield-light-charity-jam-black\/#breadcrumb","itemListElement":[{"@type":"ListItem","position":1,"name":"Home","item":"https:\/\/vitale.hr\/"},{"@type":"ListItem","position":2,"name":"Trgovina","item":"https:\/\/vitale.hr\/en\/shop\/"},{"@type":"ListItem","position":3,"name":"R-Shield Light Charity Jam Black"}]},{"@type":"WebSite","@id":"https:\/\/vitale.hr\/#website","url":"https:\/\/vitale.hr\/","name":"Vitale d.o.o.","description":"Proizvodi budu\u0107nosti","publisher":{"@id":"https:\/\/vitale.hr\/#organization"},"potentialAction":[{"@type":"SearchAction","target":{"@type":"EntryPoint","urlTemplate":"https:\/\/vitale.hr\/?s={search_term_string}"},"query-input":{"@type":"PropertyValueSpecification","valueRequired":true,"valueName":"search_term_string"}}],"inLanguage":"en-US"},{"@type":"Organization","@id":"https:\/\/vitale.hr\/#organization","name":"Vitale d.o.o.","url":"https:\/\/vitale.hr\/","logo":{"@type":"ImageObject","inLanguage":"en-US","@id":"https:\/\/vitale.hr\/#\/schema\/logo\/image\/","url":"https:\/\/vitale.hr\/wp-content\/uploads\/2024\/06\/Vitale-Logo.webp","contentUrl":"https:\/\/vitale.hr\/wp-content\/uploads\/2024\/06\/Vitale-Logo.webp","width":200,"height":50,"caption":"Vitale d.o.o."},"image":{"@id":"https:\/\/vitale.hr\/#\/schema\/logo\/image\/"}}]}},"_links":{"self":[{"href":"https:\/\/vitale.hr\/en\/wp-json\/wp\/v2\/product\/683"}],"collection":[{"href":"https:\/\/vitale.hr\/en\/wp-json\/wp\/v2\/product"}],"about":[{"href":"https:\/\/vitale.hr\/en\/wp-json\/wp\/v2\/types\/product"}],"replies":[{"embeddable":true,"href":"https:\/\/vitale.hr\/en\/wp-json\/wp\/v2\/comments?post=683"}],"version-history":[{"count":3,"href":"https:\/\/vitale.hr\/en\/wp-json\/wp\/v2\/product\/683\/revisions"}],"predecessor-version":[{"id":2641,"href":"https:\/\/vitale.hr\/en\/wp-json\/wp\/v2\/product\/683\/revisions\/2641"}],"wp:featuredmedia":[{"embeddable":true,"href":"https:\/\/vitale.hr\/en\/wp-json\/wp\/v2\/media\/687"}],"wp:attachment":[{"href":"https:\/\/vitale.hr\/en\/wp-json\/wp\/v2\/media?parent=683"}],"wp:term":[{"taxonomy":"product_cat","embeddable":true,"href":"https:\/\/vitale.hr\/en\/wp-json\/wp\/v2\/product_cat?post=683"},{"taxonomy":"product_tag","embeddable":true,"href":"https:\/\/vitale.hr\/en\/wp-json\/wp\/v2\/product_tag?post=683"}],"curies":[{"name":"wp","href":"https:\/\/api.w.org\/{rel}","templated":true}]}}