{"id":682,"date":"2024-05-27T07:07:49","date_gmt":"2024-05-27T07:07:49","guid":{"rendered":"https:\/\/vitale.gotoweb.hr\/?post_type=product&#038;p=682"},"modified":"2025-11-24T14:58:57","modified_gmt":"2025-11-24T14:58:57","slug":"r-shield-light-black","status":"publish","type":"product","link":"https:\/\/vitale.hr\/en\/product\/r-shield-light-black\/","title":{"rendered":"R-Shield Light Black"},"content":{"rendered":"<h3 style=\"text-align: center;\">IDEAL FOR:<\/h3>\n<div class=\"rshield-light-icon-container\">\n<div class=\"rshield-light-icon-item\">\n<p><img decoding=\"async\" src=\"https:\/\/img.icons8.com\/ios-filled\/50\/000000\/city.png\" alt=\"Smoggy Environments\" \/>City Traffic Filled with Smog<\/p>\n<\/div>\n<div class=\"rshield-light-icon-item\">\n<p><img decoding=\"async\" src=\"https:\/\/img.icons8.com\/ios-filled\/50\/000000\/flower.png\" alt=\"High Allergen Areas\" \/>High Allergen Areas<\/p>\n<\/div>\n<div class=\"rshield-light-icon-item\">\n<p><img decoding=\"async\" src=\"https:\/\/img.icons8.com\/ios-filled\/50\/000000\/pet.png\" alt=\"Visits with Pets\" \/>Visits with Pets<\/p>\n<\/div>\n<div class=\"rshield-light-icon-item\">\n<p><img decoding=\"async\" src=\"https:\/\/img.icons8.com\/ios-filled\/50\/000000\/bacteria.png\" alt=\"Flu Season\" \/>Flu Season<\/p>\n<\/div>\n<div class=\"rshield-light-icon-item\">\n<p><img decoding=\"async\" src=\"https:\/\/img.icons8.com\/ios-filled\/50\/000000\/suitcase.png\" alt=\"Travel\" \/>Travel<\/p>\n<\/div>\n<div class=\"rshield-light-icon-item\">\n<p><img decoding=\"async\" src=\"https:\/\/img.icons8.com\/ios-filled\/50\/000000\/exercise.png\" alt=\"Sports\" \/>Sports<\/p>\n<\/div>\n<\/div>\n<p><strong>R-shield Light Black \u2013 Perfect Protection for Warm Days<\/strong><\/p>\n<p><strong>Product Description:<\/strong> The R-shield Light Black is an elegant antiviral scarf with an integrated RESPILON\u00ae Nano fiber membrane, specifically designed to protect users during warm days and sports activities. Its unique technology stops up to 99.8% of all viruses, bacteria, and micro-particles while remaining breathable and comfortable.<\/p>\n<div class=\"rshield-section-container\">\n<h3 class=\"rshield-section-title\">R-shield Provides Protection Against<\/h3>\n<div class=\"rshield-icon-container\">\n<div class=\"rshield-icon-item\">\n<p><img decoding=\"async\" src=\"https:\/\/img.icons8.com\/ios-filled\/50\/000000\/vacuum-cleaner.png\" alt=\"Dust\" \/>Dust<\/p>\n<\/div>\n<div class=\"rshield-icon-item\">\n<p><img decoding=\"async\" src=\"https:\/\/img.icons8.com\/ios-filled\/50\/000000\/mold.png\" alt=\"Mold\" \/>Mold<\/p>\n<\/div>\n<div class=\"rshield-icon-item\">\n<p><img decoding=\"async\" src=\"https:\/\/img.icons8.com\/ios-filled\/50\/000000\/factory.png\" alt=\"Smog\" \/>Smog<\/p>\n<\/div>\n<div class=\"rshield-icon-item\">\n<p><img decoding=\"async\" src=\"https:\/\/img.icons8.com\/ios-filled\/50\/000000\/pollen.png\" alt=\"Pollen\" \/>Pollen<\/p>\n<\/div>\n<div class=\"rshield-icon-item\">\n<p><img decoding=\"async\" src=\"https:\/\/img.icons8.com\/ios-filled\/50\/000000\/virus.png\" alt=\"Viruses\" \/>Viruses<\/p>\n<\/div>\n<div class=\"rshield-icon-item\">\n<p><img decoding=\"async\" src=\"https:\/\/img.icons8.com\/ios-filled\/50\/000000\/bacteria.png\" alt=\"Bacteria\" \/>Bacteria<\/p>\n<\/div>\n<div class=\"rshield-icon-item\">\n<p><img decoding=\"async\" src=\"https:\/\/img.icons8.com\/ios-filled\/50\/000000\/mite.png\" alt=\"Dust mites\" \/>Dust mites<\/p>\n<\/div>\n<\/div>\n<\/div>\n<p><strong>How Does the R-shield Work?<\/strong> The R-shield uses a RESPILON\u00ae filtration membrane sewn into the area that covers the nose and mouth. This membrane acts as a dense mesh that blocks even the smallest particles, allowing users to breathe clean air without any burden.<br \/>\n<strong>Maintenance:<\/strong> Wash the R-shield at 30\u00b0C (86\u00b0F) on the \u201chand wash\u201d setting with mild detergent. Do not use fabric softeners, bleach, or tumble dryers. Simply hang the scarf to air dry naturally for 12-24 hours.<\/p>\n<p><strong>Dimensions and Composition:<\/strong><\/p>\n<ul>\n<li>Dimensions of R-shield: 255 mm x 340 mm (W x H)<\/li>\n<li>Dimensions of Nano Fiber Membrane: 220 mm x 140 mm (W x H)<\/li>\n<li>R-shield Composition: 84% Polyester, 16% Elastane<\/li>\n<li>Nano Fiber Membrane Composition: 99.99% Polypropylene, 0.01% PVDF<\/li>\n<\/ul>\n<p><strong>Practical Pouch:<\/strong> The R-shield comes with a practical pouch that protects the scarf from dirt, damage, or cross-contamination. The pouch features an inner pocket for storing your documents and other valuables.<\/p>\n<p>Breathe Clean Air Without Compromise with the R-shield Light Black. Ideal for warm days and sports activities, this scarf provides top-level protection and style. Add it to your collection and ensure safety in every situation.<\/p>","protected":false},"excerpt":{"rendered":"<p class=\"tx-excerpt\"><strong>R-shield Light Black \u2013 Perfect Protection for Warm Days<\/strong>\r\n\r\nU\u017eivajte u \u010distom zraku i osje\u0107aju potpune za\u0161tite s R-shield Light Black. Ovaj elegantni \u0161al ne samo da pru\u017ea vrhunsku za\u0161titu od virusa, bakterija i","protected":false},"featured_media":623,"comment_status":"open","ping_status":"closed","template":"","meta":[],"product_cat":[51],"product_tag":[],"yoast_head":"<!-- This site is optimized with the Yoast SEO plugin v23.9 - https:\/\/yoast.com\/wordpress\/plugins\/seo\/ -->\n<title>R-Shield Light Black - Vitale d.o.o.<\/title>\n<meta name=\"robots\" content=\"index, follow, max-snippet:-1, max-image-preview:large, max-video-preview:-1\" \/>\n<link rel=\"canonical\" href=\"https:\/\/vitale.hr\/en\/product\/r-shield-light-black\/\" \/>\n<meta property=\"og:locale\" content=\"en_US\" \/>\n<meta property=\"og:type\" content=\"article\" \/>\n<meta property=\"og:title\" content=\"R-Shield Light Black - Vitale d.o.o.\" \/>\n<meta property=\"og:description\" content=\"R-shield Light Black \u2013 Savr\u0161ena za\u0161tita za tople dane  U\u017eivajte u \u010distom zraku i osje\u0107aju potpune za\u0161tite s R-shield Light Black. Ovaj elegantni \u0161al ne samo da pru\u017ea vrhunsku za\u0161titu od virusa, bakterija i mikro \u010destica iz prometa, ve\u0107 je i savr\u0161en dodatak va\u0161em stilu, idealan za vru\u0107e ljetne dane i sportske aktivnosti.   Certifikat: FFP2 NR certificiran prema EN 149:2001+A1:2009  Napredna tehnologija: Zaustavlja do 99,8% virusa, bakterija i mikro \u010destica iz prometa s RESPILON\u00ae membranom od Nano vlakana.  Prozra\u010dan i lagan: Idealno za ljetne dane i sportske aktivnosti.  Prilagodljiv dizajn: Savr\u0161eno pristajanje zahvaljuju\u0107i podesivoj kop\u010di za nos i stra\u017enjoj kop\u010di.  Ekolo\u0161ki prihvatljiv: Mo\u017ee se prati, nema potrebe za mijenjanjem vanjskih filtera.  Prakti\u010dna torbica: Za R-shield mo\u017eete naru\u010diti prakti\u010dnu torbicu koja \u0161titi \u0161al od prljanja, o\u0161te\u0107enja ili unakrsne kontaminacije. Torbica ima unutarnji d\u017eep za pohranu va\u0161ih dokumenata i drugih dragocjenosti.  &nbsp;    &nbsp;\" \/>\n<meta property=\"og:url\" content=\"https:\/\/vitale.hr\/en\/product\/r-shield-light-black\/\" \/>\n<meta property=\"og:site_name\" content=\"Vitale d.o.o.\" \/>\n<meta property=\"article:modified_time\" content=\"2025-11-24T14:58:57+00:00\" \/>\n<meta property=\"og:image\" content=\"https:\/\/vitale.hr\/wp-content\/uploads\/2024\/05\/Mozaik-R-shield.jpg\" \/>\n\t<meta property=\"og:image:width\" content=\"1200\" \/>\n\t<meta property=\"og:image:height\" content=\"630\" \/>\n\t<meta property=\"og:image:type\" content=\"image\/jpeg\" \/>\n<meta name=\"twitter:card\" content=\"summary_large_image\" \/>\n<script type=\"application\/ld+json\" class=\"yoast-schema-graph\">{\"@context\":\"https:\/\/schema.org\",\"@graph\":[{\"@type\":\"WebPage\",\"@id\":\"https:\/\/vitale.hr\/proizvod\/r-shield-light-black\/\",\"url\":\"https:\/\/vitale.hr\/proizvod\/r-shield-light-black\/\",\"name\":\"R-Shield Light Black - Vitale d.o.o.\",\"isPartOf\":{\"@id\":\"https:\/\/vitale.hr\/#website\"},\"primaryImageOfPage\":{\"@id\":\"https:\/\/vitale.hr\/proizvod\/r-shield-light-black\/#primaryimage\"},\"image\":{\"@id\":\"https:\/\/vitale.hr\/proizvod\/r-shield-light-black\/#primaryimage\"},\"thumbnailUrl\":\"https:\/\/vitale.hr\/wp-content\/uploads\/2024\/05\/R-Shield-Black-7_00-r-shield-zimni-black.webp\",\"datePublished\":\"2024-05-27T07:07:49+00:00\",\"dateModified\":\"2025-11-24T14:58:57+00:00\",\"breadcrumb\":{\"@id\":\"https:\/\/vitale.hr\/proizvod\/r-shield-light-black\/#breadcrumb\"},\"inLanguage\":\"en-US\",\"potentialAction\":[{\"@type\":\"ReadAction\",\"target\":[\"https:\/\/vitale.hr\/proizvod\/r-shield-light-black\/\"]}]},{\"@type\":\"ImageObject\",\"inLanguage\":\"en-US\",\"@id\":\"https:\/\/vitale.hr\/proizvod\/r-shield-light-black\/#primaryimage\",\"url\":\"https:\/\/vitale.hr\/wp-content\/uploads\/2024\/05\/R-Shield-Black-7_00-r-shield-zimni-black.webp\",\"contentUrl\":\"https:\/\/vitale.hr\/wp-content\/uploads\/2024\/05\/R-Shield-Black-7_00-r-shield-zimni-black.webp\",\"width\":1024,\"height\":768},{\"@type\":\"BreadcrumbList\",\"@id\":\"https:\/\/vitale.hr\/proizvod\/r-shield-light-black\/#breadcrumb\",\"itemListElement\":[{\"@type\":\"ListItem\",\"position\":1,\"name\":\"Home\",\"item\":\"https:\/\/vitale.hr\/\"},{\"@type\":\"ListItem\",\"position\":2,\"name\":\"Trgovina\",\"item\":\"https:\/\/vitale.hr\/en\/shop\/\"},{\"@type\":\"ListItem\",\"position\":3,\"name\":\"R-Shield Light Black\"}]},{\"@type\":\"WebSite\",\"@id\":\"https:\/\/vitale.hr\/#website\",\"url\":\"https:\/\/vitale.hr\/\",\"name\":\"Vitale d.o.o.\",\"description\":\"Proizvodi budu\u0107nosti\",\"publisher\":{\"@id\":\"https:\/\/vitale.hr\/#organization\"},\"potentialAction\":[{\"@type\":\"SearchAction\",\"target\":{\"@type\":\"EntryPoint\",\"urlTemplate\":\"https:\/\/vitale.hr\/?s={search_term_string}\"},\"query-input\":{\"@type\":\"PropertyValueSpecification\",\"valueRequired\":true,\"valueName\":\"search_term_string\"}}],\"inLanguage\":\"en-US\"},{\"@type\":\"Organization\",\"@id\":\"https:\/\/vitale.hr\/#organization\",\"name\":\"Vitale d.o.o.\",\"url\":\"https:\/\/vitale.hr\/\",\"logo\":{\"@type\":\"ImageObject\",\"inLanguage\":\"en-US\",\"@id\":\"https:\/\/vitale.hr\/#\/schema\/logo\/image\/\",\"url\":\"https:\/\/vitale.hr\/wp-content\/uploads\/2024\/06\/Vitale-Logo.webp\",\"contentUrl\":\"https:\/\/vitale.hr\/wp-content\/uploads\/2024\/06\/Vitale-Logo.webp\",\"width\":200,\"height\":50,\"caption\":\"Vitale d.o.o.\"},\"image\":{\"@id\":\"https:\/\/vitale.hr\/#\/schema\/logo\/image\/\"}}]}<\/script>\n<!-- \/ Yoast SEO plugin. -->","yoast_head_json":{"title":"R-Shield Light Black - Vitale d.o.o.","robots":{"index":"index","follow":"follow","max-snippet":"max-snippet:-1","max-image-preview":"max-image-preview:large","max-video-preview":"max-video-preview:-1"},"canonical":"https:\/\/vitale.hr\/en\/product\/r-shield-light-black\/","og_locale":"en_US","og_type":"article","og_title":"R-Shield Light Black - Vitale d.o.o.","og_description":"R-shield Light Black \u2013 Savr\u0161ena za\u0161tita za tople dane  U\u017eivajte u \u010distom zraku i osje\u0107aju potpune za\u0161tite s R-shield Light Black. Ovaj elegantni \u0161al ne samo da pru\u017ea vrhunsku za\u0161titu od virusa, bakterija i mikro \u010destica iz prometa, ve\u0107 je i savr\u0161en dodatak va\u0161em stilu, idealan za vru\u0107e ljetne dane i sportske aktivnosti.   Certifikat: FFP2 NR certificiran prema EN 149:2001+A1:2009  Napredna tehnologija: Zaustavlja do 99,8% virusa, bakterija i mikro \u010destica iz prometa s RESPILON\u00ae membranom od Nano vlakana.  Prozra\u010dan i lagan: Idealno za ljetne dane i sportske aktivnosti.  Prilagodljiv dizajn: Savr\u0161eno pristajanje zahvaljuju\u0107i podesivoj kop\u010di za nos i stra\u017enjoj kop\u010di.  Ekolo\u0161ki prihvatljiv: Mo\u017ee se prati, nema potrebe za mijenjanjem vanjskih filtera.  Prakti\u010dna torbica: Za R-shield mo\u017eete naru\u010diti prakti\u010dnu torbicu koja \u0161titi \u0161al od prljanja, o\u0161te\u0107enja ili unakrsne kontaminacije. Torbica ima unutarnji d\u017eep za pohranu va\u0161ih dokumenata i drugih dragocjenosti.  &nbsp;    &nbsp;","og_url":"https:\/\/vitale.hr\/en\/product\/r-shield-light-black\/","og_site_name":"Vitale d.o.o.","article_modified_time":"2025-11-24T14:58:57+00:00","og_image":[{"width":1200,"height":630,"url":"https:\/\/vitale.hr\/wp-content\/uploads\/2024\/05\/Mozaik-R-shield.jpg","type":"image\/jpeg"}],"twitter_card":"summary_large_image","schema":{"@context":"https:\/\/schema.org","@graph":[{"@type":"WebPage","@id":"https:\/\/vitale.hr\/proizvod\/r-shield-light-black\/","url":"https:\/\/vitale.hr\/proizvod\/r-shield-light-black\/","name":"R-Shield Light Black - Vitale d.o.o.","isPartOf":{"@id":"https:\/\/vitale.hr\/#website"},"primaryImageOfPage":{"@id":"https:\/\/vitale.hr\/proizvod\/r-shield-light-black\/#primaryimage"},"image":{"@id":"https:\/\/vitale.hr\/proizvod\/r-shield-light-black\/#primaryimage"},"thumbnailUrl":"https:\/\/vitale.hr\/wp-content\/uploads\/2024\/05\/R-Shield-Black-7_00-r-shield-zimni-black.webp","datePublished":"2024-05-27T07:07:49+00:00","dateModified":"2025-11-24T14:58:57+00:00","breadcrumb":{"@id":"https:\/\/vitale.hr\/proizvod\/r-shield-light-black\/#breadcrumb"},"inLanguage":"en-US","potentialAction":[{"@type":"ReadAction","target":["https:\/\/vitale.hr\/proizvod\/r-shield-light-black\/"]}]},{"@type":"ImageObject","inLanguage":"en-US","@id":"https:\/\/vitale.hr\/proizvod\/r-shield-light-black\/#primaryimage","url":"https:\/\/vitale.hr\/wp-content\/uploads\/2024\/05\/R-Shield-Black-7_00-r-shield-zimni-black.webp","contentUrl":"https:\/\/vitale.hr\/wp-content\/uploads\/2024\/05\/R-Shield-Black-7_00-r-shield-zimni-black.webp","width":1024,"height":768},{"@type":"BreadcrumbList","@id":"https:\/\/vitale.hr\/proizvod\/r-shield-light-black\/#breadcrumb","itemListElement":[{"@type":"ListItem","position":1,"name":"Home","item":"https:\/\/vitale.hr\/"},{"@type":"ListItem","position":2,"name":"Trgovina","item":"https:\/\/vitale.hr\/en\/shop\/"},{"@type":"ListItem","position":3,"name":"R-Shield Light Black"}]},{"@type":"WebSite","@id":"https:\/\/vitale.hr\/#website","url":"https:\/\/vitale.hr\/","name":"Vitale d.o.o.","description":"Proizvodi budu\u0107nosti","publisher":{"@id":"https:\/\/vitale.hr\/#organization"},"potentialAction":[{"@type":"SearchAction","target":{"@type":"EntryPoint","urlTemplate":"https:\/\/vitale.hr\/?s={search_term_string}"},"query-input":{"@type":"PropertyValueSpecification","valueRequired":true,"valueName":"search_term_string"}}],"inLanguage":"en-US"},{"@type":"Organization","@id":"https:\/\/vitale.hr\/#organization","name":"Vitale d.o.o.","url":"https:\/\/vitale.hr\/","logo":{"@type":"ImageObject","inLanguage":"en-US","@id":"https:\/\/vitale.hr\/#\/schema\/logo\/image\/","url":"https:\/\/vitale.hr\/wp-content\/uploads\/2024\/06\/Vitale-Logo.webp","contentUrl":"https:\/\/vitale.hr\/wp-content\/uploads\/2024\/06\/Vitale-Logo.webp","width":200,"height":50,"caption":"Vitale d.o.o."},"image":{"@id":"https:\/\/vitale.hr\/#\/schema\/logo\/image\/"}}]}},"_links":{"self":[{"href":"https:\/\/vitale.hr\/en\/wp-json\/wp\/v2\/product\/682"}],"collection":[{"href":"https:\/\/vitale.hr\/en\/wp-json\/wp\/v2\/product"}],"about":[{"href":"https:\/\/vitale.hr\/en\/wp-json\/wp\/v2\/types\/product"}],"replies":[{"embeddable":true,"href":"https:\/\/vitale.hr\/en\/wp-json\/wp\/v2\/comments?post=682"}],"version-history":[{"count":3,"href":"https:\/\/vitale.hr\/en\/wp-json\/wp\/v2\/product\/682\/revisions"}],"predecessor-version":[{"id":2642,"href":"https:\/\/vitale.hr\/en\/wp-json\/wp\/v2\/product\/682\/revisions\/2642"}],"wp:featuredmedia":[{"embeddable":true,"href":"https:\/\/vitale.hr\/en\/wp-json\/wp\/v2\/media\/623"}],"wp:attachment":[{"href":"https:\/\/vitale.hr\/en\/wp-json\/wp\/v2\/media?parent=682"}],"wp:term":[{"taxonomy":"product_cat","embeddable":true,"href":"https:\/\/vitale.hr\/en\/wp-json\/wp\/v2\/product_cat?post=682"},{"taxonomy":"product_tag","embeddable":true,"href":"https:\/\/vitale.hr\/en\/wp-json\/wp\/v2\/product_tag?post=682"}],"curies":[{"name":"wp","href":"https:\/\/api.w.org\/{rel}","templated":true}]}}