{"id":649,"date":"2024-05-27T06:57:48","date_gmt":"2024-05-27T06:57:48","guid":{"rendered":"https:\/\/vitale.gotoweb.hr\/?post_type=product&#038;p=649"},"modified":"2025-11-06T08:29:13","modified_gmt":"2025-11-06T08:29:13","slug":"r-shield-parrot","status":"publish","type":"product","link":"https:\/\/vitale.hr\/en\/product\/r-shield-parrot\/","title":{"rendered":"R-Shield Parrot"},"content":{"rendered":"<p>R-shield Parrot is an elegant scarf that combines advanced technology with support for the Czech Cystic Fibrosis Association. Its integrated RESPILON\u00ae nanofiber membrane blocks up to 99.8% of viruses, bacteria, and microparticles, ensuring you breathe clean air while staying stylish. This unique scarf not only protects your health but also makes a statement.<\/p>\n<h3 style=\"text-align: center;\">IDEAL FOR:<\/h3>\n<div class=\"icon-container\">\n<div class=\"icon-item\"><img decoding=\"async\" src=\"https:\/\/img.icons8.com\/ios-filled\/50\/000000\/city.png\" alt=\"Urban Environments\" \/>City Traffic Filled with Smog<\/p>\n<\/div>\n<div class=\"icon-item\"><img decoding=\"async\" src=\"https:\/\/img.icons8.com\/ios-filled\/50\/000000\/flower.png\" alt=\"High Allergen Areas\" \/>High Allergen Areas<\/p>\n<\/div>\n<div class=\"icon-item\"><img decoding=\"async\" src=\"https:\/\/img.icons8.com\/ios-filled\/50\/000000\/bacteria.png\" alt=\"Flu Season\" \/>Flu Season<\/p>\n<\/div>\n<div class=\"icon-item\"><img decoding=\"async\" src=\"https:\/\/img.icons8.com\/ios-filled\/50\/000000\/suitcase.png\" alt=\"Travel\" \/>Travel<\/p>\n<\/div>\n<\/div>\n<div class=\"rshield-section-container\">\n<h3 class=\"rshield-section-title\">R-shield Provides Protection Against<\/h3>\n<div class=\"rshield-icon-container\">\n<div class=\"rshield-icon-item\"><img decoding=\"async\" src=\"https:\/\/img.icons8.com\/ios-filled\/50\/000000\/vacuum-cleaner.png\" alt=\"Dust\" \/>Dust<\/p>\n<\/div>\n<div class=\"rshield-icon-item\"><img decoding=\"async\" src=\"https:\/\/img.icons8.com\/ios-filled\/50\/000000\/mold.png\" alt=\"Mold\" \/>Mold<\/p>\n<\/div>\n<div class=\"rshield-icon-item\"><img decoding=\"async\" src=\"https:\/\/img.icons8.com\/ios-filled\/50\/000000\/factory.png\" alt=\"Smog\" \/>Smog<\/p>\n<\/div>\n<div class=\"rshield-icon-item\"><img decoding=\"async\" src=\"https:\/\/img.icons8.com\/ios-filled\/50\/000000\/pollen.png\" alt=\"Pollen\" \/>Pollen<\/p>\n<\/div>\n<div class=\"rshield-icon-item\"><img decoding=\"async\" src=\"https:\/\/img.icons8.com\/ios-filled\/50\/000000\/virus.png\" alt=\"Viruses\" \/>Viruses<\/p>\n<\/div>\n<div class=\"rshield-icon-item\"><img decoding=\"async\" src=\"https:\/\/img.icons8.com\/ios-filled\/50\/000000\/bacteria.png\" alt=\"Bacteria\" \/>Bacteria<\/p>\n<\/div>\n<div class=\"rshield-icon-item\"><img decoding=\"async\" src=\"https:\/\/img.icons8.com\/ios-filled\/50\/000000\/mite.png\" alt=\"Dust mites\" \/>Dust mites<\/p>\n<\/div>\n<\/div>\n<\/div>\n<p><strong>How Does the R-shield Work?<\/strong> The R-shield uses a RESPILON\u00ae filtration membrane sewn into the area that covers the nose and mouth. This membrane acts as a dense mesh that blocks even the smallest particles, allowing users to breathe clean air without any burden.<\/p>\n<p><strong>Maintenance:<\/strong> Wash the R-shield at 30\u00b0C (86\u00b0F) on the \u201chand wash\u201d setting with mild detergent. Do not use fabric softeners, bleach, or tumble dryers. Simply hang the scarf to air dry naturally for 12-24 hours.<\/p>\n<p><strong>Dimensions and Composition:<\/strong><\/p>\n<ul>\n<li>Dimensions of R-shield: 255 mm x 340 mm (W x H)<\/li>\n<li>Dimensions of Nano Fiber Membrane: 220 mm x 140 mm (W x H)<\/li>\n<li>R-shield Composition: 84% Polyester, 16% Elastane<\/li>\n<li>Nano Fiber Membrane Composition: 99.99% Polypropylene, 0.01% PVDF<\/li>\n<\/ul>\n<p><strong>Practical Pouch:<\/strong> The R-shield comes with a practical pouch that protects the scarf from dirt, damage, or cross-contamination. The pouch features an inner pocket for storing your documents and other valuables.<\/p>\n<p>Breathe clean air without compromising on style with the R-shield Parrot. Perfect for any occasion, this scarf offers superior protection and style. Add it to your collection and ensure your safety wherever you go.<\/p>","protected":false},"excerpt":{"rendered":"<p class=\"tx-excerpt\"><strong><a href=\"https:\/\/vitale.hr\/en\/proizvodi\/inovativni-proizvodi-za-vas\/antiviralni-salovi\/r-shield-toplo-vrijeme\/\"><span style=\"color: #ff0000;\">PROIZVODI R-SHIELD ZA HLADNO VRIJEME VI\u0160E NISU DOSTUPNI. MOLIMO POGLEDAJTE NA\u0160U KOLEKCIJU UNIVERZALNIH R-SHIELD PROIZVODA OVDJE<\/span><\/a><\/strong>\r\n\r\n<strong>R-shield Parrot \u2013 Style and Protection in One<\/strong>\r\n\r\nSamosteriliziraju\u0107a RESPILON\u00ae membrana blokira do 99,8% virusa, bakterija","protected":false},"featured_media":650,"comment_status":"open","ping_status":"closed","template":"","meta":[],"product_cat":[15],"product_tag":[],"yoast_head":"<!-- This site is optimized with the Yoast SEO plugin v23.9 - https:\/\/yoast.com\/wordpress\/plugins\/seo\/ -->\n<title>R-Shield Parrot - Vitale d.o.o.<\/title>\n<meta name=\"robots\" content=\"index, follow, max-snippet:-1, max-image-preview:large, max-video-preview:-1\" \/>\n<link rel=\"canonical\" href=\"https:\/\/vitale.hr\/en\/product\/r-shield-parrot\/\" \/>\n<meta property=\"og:locale\" content=\"en_US\" \/>\n<meta property=\"og:type\" content=\"article\" \/>\n<meta property=\"og:title\" content=\"R-Shield Parrot - Vitale d.o.o.\" \/>\n<meta property=\"og:description\" content=\"PROIZVODI R-SHIELD ZA HLADNO VRIJEME VI\u0160E NISU DOSTUPNI. MOLIMO POGLEDAJTE NA\u0160U KOLEKCIJU UNIVERZALNIH R-SHIELD PROIZVODA OVDJE  R-shield Parrot \u2013 Stil i za\u0161tita u jednom  Samosteriliziraju\u0107a RESPILON\u00ae membrana blokira do 99,8% virusa, bakterija i mikro \u010destica iz prometa. Izra\u0111en od fleksibilnog i prozra\u010dnog materijala za maksimalnu udobnost. Podesiva kop\u010da za nos i stra\u017enja kop\u010da za savr\u0161eno pristajanje. Ekolo\u0161ki prihvatljiv, mo\u017ee se prati i ponovno koristiti. Idealno za gradski promet, mjesta s visokim razinama alergena, sezonu gripe i putovanja.   Certifikat: FFP2 NR certificiran prema EN 149:2001+A1:2009  Samosteriliziraju\u0107a RESPILON\u00ae membrana blokira do 99,8% virusa, bakterija i mikro \u010destica iz prometa.  Izra\u0111en od fleksibilnog i prozra\u010dnog materijala za maksimalnu udobnost.  Podesiva kop\u010da za nos i stra\u017enja kop\u010da za savr\u0161eno pristajanje.  Ekolo\u0161ki prihvatljiv, mo\u017ee se prati i ponovno koristiti.  Idealno za gradski promet, mjesta s visokim razinama alergena, sezonu gripe i putovanja.  Prakti\u010dna torbica: Za R-shield mo\u017eete naru\u010diti prakti\u010dnu torbicu koja \u0161titi \u0161al od prljanja, o\u0161te\u0107enja ili unakrsne kontaminacije. Torbica ima unutarnji d\u017eep za pohranu va\u0161ih dokumenata i drugih dragocjenosti.  &nbsp;    &nbsp;\" \/>\n<meta property=\"og:url\" content=\"https:\/\/vitale.hr\/en\/product\/r-shield-parrot\/\" \/>\n<meta property=\"og:site_name\" content=\"Vitale d.o.o.\" \/>\n<meta property=\"article:modified_time\" content=\"2025-11-06T08:29:13+00:00\" \/>\n<meta property=\"og:image\" content=\"https:\/\/vitale.hr\/wp-content\/uploads\/2024\/05\/Mozaik-R-shield.jpg\" \/>\n\t<meta property=\"og:image:width\" content=\"1200\" \/>\n\t<meta property=\"og:image:height\" content=\"630\" \/>\n\t<meta property=\"og:image:type\" content=\"image\/jpeg\" \/>\n<meta name=\"twitter:card\" content=\"summary_large_image\" \/>\n<script type=\"application\/ld+json\" class=\"yoast-schema-graph\">{\"@context\":\"https:\/\/schema.org\",\"@graph\":[{\"@type\":\"WebPage\",\"@id\":\"https:\/\/vitale.hr\/proizvod\/r-shield-parrot\/\",\"url\":\"https:\/\/vitale.hr\/proizvod\/r-shield-parrot\/\",\"name\":\"R-Shield Parrot - Vitale d.o.o.\",\"isPartOf\":{\"@id\":\"https:\/\/vitale.hr\/#website\"},\"primaryImageOfPage\":{\"@id\":\"https:\/\/vitale.hr\/proizvod\/r-shield-parrot\/#primaryimage\"},\"image\":{\"@id\":\"https:\/\/vitale.hr\/proizvod\/r-shield-parrot\/#primaryimage\"},\"thumbnailUrl\":\"https:\/\/vitale.hr\/wp-content\/uploads\/2024\/05\/R-Shield-Parrot-1_antiviral-neck-gaiter-r-shield-parrot-respilon-front.webp\",\"datePublished\":\"2024-05-27T06:57:48+00:00\",\"dateModified\":\"2025-11-06T08:29:13+00:00\",\"breadcrumb\":{\"@id\":\"https:\/\/vitale.hr\/proizvod\/r-shield-parrot\/#breadcrumb\"},\"inLanguage\":\"en-US\",\"potentialAction\":[{\"@type\":\"ReadAction\",\"target\":[\"https:\/\/vitale.hr\/proizvod\/r-shield-parrot\/\"]}]},{\"@type\":\"ImageObject\",\"inLanguage\":\"en-US\",\"@id\":\"https:\/\/vitale.hr\/proizvod\/r-shield-parrot\/#primaryimage\",\"url\":\"https:\/\/vitale.hr\/wp-content\/uploads\/2024\/05\/R-Shield-Parrot-1_antiviral-neck-gaiter-r-shield-parrot-respilon-front.webp\",\"contentUrl\":\"https:\/\/vitale.hr\/wp-content\/uploads\/2024\/05\/R-Shield-Parrot-1_antiviral-neck-gaiter-r-shield-parrot-respilon-front.webp\",\"width\":1024,\"height\":768},{\"@type\":\"BreadcrumbList\",\"@id\":\"https:\/\/vitale.hr\/proizvod\/r-shield-parrot\/#breadcrumb\",\"itemListElement\":[{\"@type\":\"ListItem\",\"position\":1,\"name\":\"Home\",\"item\":\"https:\/\/vitale.hr\/\"},{\"@type\":\"ListItem\",\"position\":2,\"name\":\"Trgovina\",\"item\":\"https:\/\/vitale.hr\/en\/shop\/\"},{\"@type\":\"ListItem\",\"position\":3,\"name\":\"R-Shield Parrot\"}]},{\"@type\":\"WebSite\",\"@id\":\"https:\/\/vitale.hr\/#website\",\"url\":\"https:\/\/vitale.hr\/\",\"name\":\"Vitale d.o.o.\",\"description\":\"Proizvodi budu\u0107nosti\",\"publisher\":{\"@id\":\"https:\/\/vitale.hr\/#organization\"},\"potentialAction\":[{\"@type\":\"SearchAction\",\"target\":{\"@type\":\"EntryPoint\",\"urlTemplate\":\"https:\/\/vitale.hr\/?s={search_term_string}\"},\"query-input\":{\"@type\":\"PropertyValueSpecification\",\"valueRequired\":true,\"valueName\":\"search_term_string\"}}],\"inLanguage\":\"en-US\"},{\"@type\":\"Organization\",\"@id\":\"https:\/\/vitale.hr\/#organization\",\"name\":\"Vitale d.o.o.\",\"url\":\"https:\/\/vitale.hr\/\",\"logo\":{\"@type\":\"ImageObject\",\"inLanguage\":\"en-US\",\"@id\":\"https:\/\/vitale.hr\/#\/schema\/logo\/image\/\",\"url\":\"https:\/\/vitale.hr\/wp-content\/uploads\/2024\/06\/Vitale-Logo.webp\",\"contentUrl\":\"https:\/\/vitale.hr\/wp-content\/uploads\/2024\/06\/Vitale-Logo.webp\",\"width\":200,\"height\":50,\"caption\":\"Vitale d.o.o.\"},\"image\":{\"@id\":\"https:\/\/vitale.hr\/#\/schema\/logo\/image\/\"}}]}<\/script>\n<!-- \/ Yoast SEO plugin. -->","yoast_head_json":{"title":"R-Shield Parrot - Vitale d.o.o.","robots":{"index":"index","follow":"follow","max-snippet":"max-snippet:-1","max-image-preview":"max-image-preview:large","max-video-preview":"max-video-preview:-1"},"canonical":"https:\/\/vitale.hr\/en\/product\/r-shield-parrot\/","og_locale":"en_US","og_type":"article","og_title":"R-Shield Parrot - Vitale d.o.o.","og_description":"PROIZVODI R-SHIELD ZA HLADNO VRIJEME VI\u0160E NISU DOSTUPNI. MOLIMO POGLEDAJTE NA\u0160U KOLEKCIJU UNIVERZALNIH R-SHIELD PROIZVODA OVDJE  R-shield Parrot \u2013 Stil i za\u0161tita u jednom  Samosteriliziraju\u0107a RESPILON\u00ae membrana blokira do 99,8% virusa, bakterija i mikro \u010destica iz prometa. Izra\u0111en od fleksibilnog i prozra\u010dnog materijala za maksimalnu udobnost. Podesiva kop\u010da za nos i stra\u017enja kop\u010da za savr\u0161eno pristajanje. Ekolo\u0161ki prihvatljiv, mo\u017ee se prati i ponovno koristiti. Idealno za gradski promet, mjesta s visokim razinama alergena, sezonu gripe i putovanja.   Certifikat: FFP2 NR certificiran prema EN 149:2001+A1:2009  Samosteriliziraju\u0107a RESPILON\u00ae membrana blokira do 99,8% virusa, bakterija i mikro \u010destica iz prometa.  Izra\u0111en od fleksibilnog i prozra\u010dnog materijala za maksimalnu udobnost.  Podesiva kop\u010da za nos i stra\u017enja kop\u010da za savr\u0161eno pristajanje.  Ekolo\u0161ki prihvatljiv, mo\u017ee se prati i ponovno koristiti.  Idealno za gradski promet, mjesta s visokim razinama alergena, sezonu gripe i putovanja.  Prakti\u010dna torbica: Za R-shield mo\u017eete naru\u010diti prakti\u010dnu torbicu koja \u0161titi \u0161al od prljanja, o\u0161te\u0107enja ili unakrsne kontaminacije. Torbica ima unutarnji d\u017eep za pohranu va\u0161ih dokumenata i drugih dragocjenosti.  &nbsp;    &nbsp;","og_url":"https:\/\/vitale.hr\/en\/product\/r-shield-parrot\/","og_site_name":"Vitale d.o.o.","article_modified_time":"2025-11-06T08:29:13+00:00","og_image":[{"width":1200,"height":630,"url":"https:\/\/vitale.hr\/wp-content\/uploads\/2024\/05\/Mozaik-R-shield.jpg","type":"image\/jpeg"}],"twitter_card":"summary_large_image","schema":{"@context":"https:\/\/schema.org","@graph":[{"@type":"WebPage","@id":"https:\/\/vitale.hr\/proizvod\/r-shield-parrot\/","url":"https:\/\/vitale.hr\/proizvod\/r-shield-parrot\/","name":"R-Shield Parrot - Vitale d.o.o.","isPartOf":{"@id":"https:\/\/vitale.hr\/#website"},"primaryImageOfPage":{"@id":"https:\/\/vitale.hr\/proizvod\/r-shield-parrot\/#primaryimage"},"image":{"@id":"https:\/\/vitale.hr\/proizvod\/r-shield-parrot\/#primaryimage"},"thumbnailUrl":"https:\/\/vitale.hr\/wp-content\/uploads\/2024\/05\/R-Shield-Parrot-1_antiviral-neck-gaiter-r-shield-parrot-respilon-front.webp","datePublished":"2024-05-27T06:57:48+00:00","dateModified":"2025-11-06T08:29:13+00:00","breadcrumb":{"@id":"https:\/\/vitale.hr\/proizvod\/r-shield-parrot\/#breadcrumb"},"inLanguage":"en-US","potentialAction":[{"@type":"ReadAction","target":["https:\/\/vitale.hr\/proizvod\/r-shield-parrot\/"]}]},{"@type":"ImageObject","inLanguage":"en-US","@id":"https:\/\/vitale.hr\/proizvod\/r-shield-parrot\/#primaryimage","url":"https:\/\/vitale.hr\/wp-content\/uploads\/2024\/05\/R-Shield-Parrot-1_antiviral-neck-gaiter-r-shield-parrot-respilon-front.webp","contentUrl":"https:\/\/vitale.hr\/wp-content\/uploads\/2024\/05\/R-Shield-Parrot-1_antiviral-neck-gaiter-r-shield-parrot-respilon-front.webp","width":1024,"height":768},{"@type":"BreadcrumbList","@id":"https:\/\/vitale.hr\/proizvod\/r-shield-parrot\/#breadcrumb","itemListElement":[{"@type":"ListItem","position":1,"name":"Home","item":"https:\/\/vitale.hr\/"},{"@type":"ListItem","position":2,"name":"Trgovina","item":"https:\/\/vitale.hr\/en\/shop\/"},{"@type":"ListItem","position":3,"name":"R-Shield Parrot"}]},{"@type":"WebSite","@id":"https:\/\/vitale.hr\/#website","url":"https:\/\/vitale.hr\/","name":"Vitale d.o.o.","description":"Proizvodi budu\u0107nosti","publisher":{"@id":"https:\/\/vitale.hr\/#organization"},"potentialAction":[{"@type":"SearchAction","target":{"@type":"EntryPoint","urlTemplate":"https:\/\/vitale.hr\/?s={search_term_string}"},"query-input":{"@type":"PropertyValueSpecification","valueRequired":true,"valueName":"search_term_string"}}],"inLanguage":"en-US"},{"@type":"Organization","@id":"https:\/\/vitale.hr\/#organization","name":"Vitale d.o.o.","url":"https:\/\/vitale.hr\/","logo":{"@type":"ImageObject","inLanguage":"en-US","@id":"https:\/\/vitale.hr\/#\/schema\/logo\/image\/","url":"https:\/\/vitale.hr\/wp-content\/uploads\/2024\/06\/Vitale-Logo.webp","contentUrl":"https:\/\/vitale.hr\/wp-content\/uploads\/2024\/06\/Vitale-Logo.webp","width":200,"height":50,"caption":"Vitale d.o.o."},"image":{"@id":"https:\/\/vitale.hr\/#\/schema\/logo\/image\/"}}]}},"_links":{"self":[{"href":"https:\/\/vitale.hr\/en\/wp-json\/wp\/v2\/product\/649"}],"collection":[{"href":"https:\/\/vitale.hr\/en\/wp-json\/wp\/v2\/product"}],"about":[{"href":"https:\/\/vitale.hr\/en\/wp-json\/wp\/v2\/types\/product"}],"replies":[{"embeddable":true,"href":"https:\/\/vitale.hr\/en\/wp-json\/wp\/v2\/comments?post=649"}],"version-history":[{"count":3,"href":"https:\/\/vitale.hr\/en\/wp-json\/wp\/v2\/product\/649\/revisions"}],"predecessor-version":[{"id":2588,"href":"https:\/\/vitale.hr\/en\/wp-json\/wp\/v2\/product\/649\/revisions\/2588"}],"wp:featuredmedia":[{"embeddable":true,"href":"https:\/\/vitale.hr\/en\/wp-json\/wp\/v2\/media\/650"}],"wp:attachment":[{"href":"https:\/\/vitale.hr\/en\/wp-json\/wp\/v2\/media?parent=649"}],"wp:term":[{"taxonomy":"product_cat","embeddable":true,"href":"https:\/\/vitale.hr\/en\/wp-json\/wp\/v2\/product_cat?post=649"},{"taxonomy":"product_tag","embeddable":true,"href":"https:\/\/vitale.hr\/en\/wp-json\/wp\/v2\/product_tag?post=649"}],"curies":[{"name":"wp","href":"https:\/\/api.w.org\/{rel}","templated":true}]}}