{"id":475,"date":"2024-05-26T08:56:35","date_gmt":"2024-05-26T08:56:35","guid":{"rendered":"https:\/\/vitale.gotoweb.hr\/?post_type=product&#038;p=475"},"modified":"2026-01-31T07:57:04","modified_gmt":"2026-01-31T07:57:04","slug":"laundry-sheets-listici-za-rublje-bez-mirisa-60","status":"publish","type":"product","link":"https:\/\/vitale.hr\/en\/product\/unscented-laundry-sheets-60\/","title":{"rendered":"Laundry sheets &#8211; Listic\u0301i za rublje bez mirisa (60 listi\u0107a)"},"content":{"rendered":"<p><img decoding=\"async\" class=\"alignright wp-image-2212\" src=\"https:\/\/vitale.hr\/wp-content\/uploads\/2024\/06\/sweden-2-300x293.jpg\" alt=\"\" width=\"180\" height=\"176\" srcset=\"https:\/\/vitale.hr\/wp-content\/uploads\/2024\/06\/sweden-2-300x293.jpg 300w, https:\/\/vitale.hr\/wp-content\/uploads\/2024\/06\/sweden-2-12x12.jpg 12w, https:\/\/vitale.hr\/wp-content\/uploads\/2024\/06\/sweden-2-80x78.jpg 80w, https:\/\/vitale.hr\/wp-content\/uploads\/2024\/06\/sweden-2-360x351.jpg 360w, https:\/\/vitale.hr\/wp-content\/uploads\/2024\/06\/sweden-2-373x364.jpg 373w, https:\/\/vitale.hr\/wp-content\/uploads\/2024\/06\/sweden-2-365x356.jpg 365w, https:\/\/vitale.hr\/wp-content\/uploads\/2024\/06\/sweden-2.jpg 377w\" sizes=\"(max-width: 180px) 100vw, 180px\" \/>LAUNDRY SHEETS\u2122 introduces innovative unscented laundry sheets that revolutionize how we care for our laundry. These plant-based sheets offer an eco-friendly alternative to traditional detergents.<\/p>\n<ul>\n<li><strong>No Mess:<\/strong> The sheets are lightweight and completely dry, making them practical for use and storage.<\/li>\n<li><strong>Simple Dosing:<\/strong> Each sheet is pre-measured, eliminating the risk of over or under-dosing your detergent.<\/li>\n<li><strong>Free from Harmful Ingredients:<\/strong> Our sheets are gentle on the skin and do not contain parabens, phosphates, or sulfates.<\/li>\n<li><strong>Plastic-Free:<\/strong> Both the packaging and the product are 100% plastic-free, reducing environmental impact.<\/li>\n<li><strong>Effective Cleaning:<\/strong> Natural ingredients ensure deep cleaning and stain removal.<\/li>\n<li><strong>Universal:<\/strong> Suitable for all fabric types and colors, ensuring your clothes remain in top condition.<\/li>\n<\/ul>\n<p>Take a step towards a greener and cleaner lifestyle with LAUNDRY SHEETS\u2122. Our unscented laundry sheets are perfect for everyday use, ensuring clean and fresh laundry every time.<\/p>\n<p><img decoding=\"async\" class=\"transparent\" src=\"https:\/\/cdn.shopify.com\/s\/files\/1\/0556\/6044\/5870\/files\/LS-GIFSamplePack2-Sheets_480x480.gif?v=1677238139\" alt=\"https:\/\/cdn.shopify.com\/s\/files\/1\/0556\/6044\/5870\/files\/LS-GIFSamplePack2-Sheets_480x480.gif?v=1677238139\" \/><\/p>","protected":false},"excerpt":{"rendered":"<p class=\"tx-excerpt\"><strong>LAUNDRY SHEETS\u2122 - 60 listi\u0107a bez mirisa<\/strong>\r\n<ul>\r\n \t<li><strong>Eco-Friendly:<\/strong> Plant-based, free of plastics and harmful chemicals.<\/li>\r\n \t<li><strong>Easy to Use:<\/strong> Precisely dosed, no mess or spills.<\/li>\r\n \t<li><strong>Effective:<\/strong> Pogodno za sve vrste tkanina i boja, nje\u017eno prema","protected":false},"featured_media":1700,"comment_status":"open","ping_status":"closed","template":"","meta":[],"product_cat":[37,45],"product_tag":[],"yoast_head":"<!-- This site is optimized with the Yoast SEO plugin v23.9 - https:\/\/yoast.com\/wordpress\/plugins\/seo\/ -->\n<title>Laundry sheets - Listic\u0301i za rublje bez mirisa (60 listi\u0107a) - Vitale d.o.o.<\/title>\n<meta name=\"description\" content=\"Laundry sheets deterd\u017eent u listi\u0107ima bez mirisa, pogodan za alergi\u010dare i osobe osjetljive na industrijske mirise iz omek\u0161iva\u010da i deterd\u017eenata .\" \/>\n<meta name=\"robots\" content=\"index, follow, max-snippet:-1, max-image-preview:large, max-video-preview:-1\" \/>\n<link rel=\"canonical\" href=\"https:\/\/vitale.hr\/en\/product\/unscented-laundry-sheets-60\/\" \/>\n<meta property=\"og:locale\" content=\"en_US\" \/>\n<meta property=\"og:type\" content=\"article\" \/>\n<meta property=\"og:title\" content=\"Laundry sheets - Listic\u0301i za rublje bez mirisa (60 listi\u0107a) - Vitale d.o.o.\" \/>\n<meta property=\"og:description\" content=\"Laundry sheets deterd\u017eent u listi\u0107ima bez mirisa, pogodan za alergi\u010dare i osobe osjetljive na industrijske mirise iz omek\u0161iva\u010da i deterd\u017eenata .\" \/>\n<meta property=\"og:url\" content=\"https:\/\/vitale.hr\/en\/product\/unscented-laundry-sheets-60\/\" \/>\n<meta property=\"og:site_name\" content=\"Vitale d.o.o.\" \/>\n<meta property=\"article:modified_time\" content=\"2026-01-31T07:57:04+00:00\" \/>\n<meta property=\"og:image\" content=\"https:\/\/vitale.hr\/wp-content\/uploads\/2024\/07\/LaundrySheets_FragranceFree_60-Pack.webp\" \/>\n\t<meta property=\"og:image:width\" content=\"1500\" \/>\n\t<meta property=\"og:image:height\" content=\"1500\" \/>\n\t<meta property=\"og:image:type\" content=\"image\/webp\" \/>\n<meta name=\"twitter:card\" content=\"summary_large_image\" \/>\n<script type=\"application\/ld+json\" class=\"yoast-schema-graph\">{\"@context\":\"https:\/\/schema.org\",\"@graph\":[{\"@type\":\"WebPage\",\"@id\":\"https:\/\/vitale.hr\/proizvod\/laundry-sheets-listici-za-rublje-bez-mirisa-60\/\",\"url\":\"https:\/\/vitale.hr\/proizvod\/laundry-sheets-listici-za-rublje-bez-mirisa-60\/\",\"name\":\"Laundry sheets - Listic\u0301i za rublje bez mirisa (60 listi\u0107a) - Vitale d.o.o.\",\"isPartOf\":{\"@id\":\"https:\/\/vitale.hr\/#website\"},\"primaryImageOfPage\":{\"@id\":\"https:\/\/vitale.hr\/proizvod\/laundry-sheets-listici-za-rublje-bez-mirisa-60\/#primaryimage\"},\"image\":{\"@id\":\"https:\/\/vitale.hr\/proizvod\/laundry-sheets-listici-za-rublje-bez-mirisa-60\/#primaryimage\"},\"thumbnailUrl\":\"https:\/\/vitale.hr\/wp-content\/uploads\/2024\/07\/LaundrySheets_FragranceFree_60-Pack.webp\",\"datePublished\":\"2024-05-26T08:56:35+00:00\",\"dateModified\":\"2026-01-31T07:57:04+00:00\",\"description\":\"Laundry sheets deterd\u017eent u listi\u0107ima bez mirisa, pogodan za alergi\u010dare i osobe osjetljive na industrijske mirise iz omek\u0161iva\u010da i deterd\u017eenata .\",\"breadcrumb\":{\"@id\":\"https:\/\/vitale.hr\/proizvod\/laundry-sheets-listici-za-rublje-bez-mirisa-60\/#breadcrumb\"},\"inLanguage\":\"en-US\",\"potentialAction\":[{\"@type\":\"ReadAction\",\"target\":[\"https:\/\/vitale.hr\/proizvod\/laundry-sheets-listici-za-rublje-bez-mirisa-60\/\"]}]},{\"@type\":\"ImageObject\",\"inLanguage\":\"en-US\",\"@id\":\"https:\/\/vitale.hr\/proizvod\/laundry-sheets-listici-za-rublje-bez-mirisa-60\/#primaryimage\",\"url\":\"https:\/\/vitale.hr\/wp-content\/uploads\/2024\/07\/LaundrySheets_FragranceFree_60-Pack.webp\",\"contentUrl\":\"https:\/\/vitale.hr\/wp-content\/uploads\/2024\/07\/LaundrySheets_FragranceFree_60-Pack.webp\",\"width\":1500,\"height\":1500},{\"@type\":\"BreadcrumbList\",\"@id\":\"https:\/\/vitale.hr\/proizvod\/laundry-sheets-listici-za-rublje-bez-mirisa-60\/#breadcrumb\",\"itemListElement\":[{\"@type\":\"ListItem\",\"position\":1,\"name\":\"Home\",\"item\":\"https:\/\/vitale.hr\/\"},{\"@type\":\"ListItem\",\"position\":2,\"name\":\"Trgovina\",\"item\":\"https:\/\/vitale.hr\/en\/shop\/\"},{\"@type\":\"ListItem\",\"position\":3,\"name\":\"Laundry sheets &#8211; Listic\u0301i za rublje bez mirisa (60 listi\u0107a)\"}]},{\"@type\":\"WebSite\",\"@id\":\"https:\/\/vitale.hr\/#website\",\"url\":\"https:\/\/vitale.hr\/\",\"name\":\"Vitale d.o.o.\",\"description\":\"Proizvodi budu\u0107nosti\",\"publisher\":{\"@id\":\"https:\/\/vitale.hr\/#organization\"},\"potentialAction\":[{\"@type\":\"SearchAction\",\"target\":{\"@type\":\"EntryPoint\",\"urlTemplate\":\"https:\/\/vitale.hr\/?s={search_term_string}\"},\"query-input\":{\"@type\":\"PropertyValueSpecification\",\"valueRequired\":true,\"valueName\":\"search_term_string\"}}],\"inLanguage\":\"en-US\"},{\"@type\":\"Organization\",\"@id\":\"https:\/\/vitale.hr\/#organization\",\"name\":\"Vitale d.o.o.\",\"url\":\"https:\/\/vitale.hr\/\",\"logo\":{\"@type\":\"ImageObject\",\"inLanguage\":\"en-US\",\"@id\":\"https:\/\/vitale.hr\/#\/schema\/logo\/image\/\",\"url\":\"https:\/\/vitale.hr\/wp-content\/uploads\/2024\/06\/Vitale-Logo.webp\",\"contentUrl\":\"https:\/\/vitale.hr\/wp-content\/uploads\/2024\/06\/Vitale-Logo.webp\",\"width\":200,\"height\":50,\"caption\":\"Vitale d.o.o.\"},\"image\":{\"@id\":\"https:\/\/vitale.hr\/#\/schema\/logo\/image\/\"}}]}<\/script>\n<!-- \/ Yoast SEO plugin. -->","yoast_head_json":{"title":"Laundry sheets - Listic\u0301i za rublje bez mirisa (60 listi\u0107a) - Vitale d.o.o.","description":"Laundry sheets deterd\u017eent u listi\u0107ima bez mirisa, pogodan za alergi\u010dare i osobe osjetljive na industrijske mirise iz omek\u0161iva\u010da i deterd\u017eenata .","robots":{"index":"index","follow":"follow","max-snippet":"max-snippet:-1","max-image-preview":"max-image-preview:large","max-video-preview":"max-video-preview:-1"},"canonical":"https:\/\/vitale.hr\/en\/product\/unscented-laundry-sheets-60\/","og_locale":"en_US","og_type":"article","og_title":"Laundry sheets - Listic\u0301i za rublje bez mirisa (60 listi\u0107a) - Vitale d.o.o.","og_description":"Laundry sheets deterd\u017eent u listi\u0107ima bez mirisa, pogodan za alergi\u010dare i osobe osjetljive na industrijske mirise iz omek\u0161iva\u010da i deterd\u017eenata .","og_url":"https:\/\/vitale.hr\/en\/product\/unscented-laundry-sheets-60\/","og_site_name":"Vitale d.o.o.","article_modified_time":"2026-01-31T07:57:04+00:00","og_image":[{"width":1500,"height":1500,"url":"https:\/\/vitale.hr\/wp-content\/uploads\/2024\/07\/LaundrySheets_FragranceFree_60-Pack.webp","type":"image\/webp"}],"twitter_card":"summary_large_image","schema":{"@context":"https:\/\/schema.org","@graph":[{"@type":"WebPage","@id":"https:\/\/vitale.hr\/proizvod\/laundry-sheets-listici-za-rublje-bez-mirisa-60\/","url":"https:\/\/vitale.hr\/proizvod\/laundry-sheets-listici-za-rublje-bez-mirisa-60\/","name":"Laundry sheets - Listic\u0301i za rublje bez mirisa (60 listi\u0107a) - Vitale d.o.o.","isPartOf":{"@id":"https:\/\/vitale.hr\/#website"},"primaryImageOfPage":{"@id":"https:\/\/vitale.hr\/proizvod\/laundry-sheets-listici-za-rublje-bez-mirisa-60\/#primaryimage"},"image":{"@id":"https:\/\/vitale.hr\/proizvod\/laundry-sheets-listici-za-rublje-bez-mirisa-60\/#primaryimage"},"thumbnailUrl":"https:\/\/vitale.hr\/wp-content\/uploads\/2024\/07\/LaundrySheets_FragranceFree_60-Pack.webp","datePublished":"2024-05-26T08:56:35+00:00","dateModified":"2026-01-31T07:57:04+00:00","description":"Laundry sheets deterd\u017eent u listi\u0107ima bez mirisa, pogodan za alergi\u010dare i osobe osjetljive na industrijske mirise iz omek\u0161iva\u010da i deterd\u017eenata .","breadcrumb":{"@id":"https:\/\/vitale.hr\/proizvod\/laundry-sheets-listici-za-rublje-bez-mirisa-60\/#breadcrumb"},"inLanguage":"en-US","potentialAction":[{"@type":"ReadAction","target":["https:\/\/vitale.hr\/proizvod\/laundry-sheets-listici-za-rublje-bez-mirisa-60\/"]}]},{"@type":"ImageObject","inLanguage":"en-US","@id":"https:\/\/vitale.hr\/proizvod\/laundry-sheets-listici-za-rublje-bez-mirisa-60\/#primaryimage","url":"https:\/\/vitale.hr\/wp-content\/uploads\/2024\/07\/LaundrySheets_FragranceFree_60-Pack.webp","contentUrl":"https:\/\/vitale.hr\/wp-content\/uploads\/2024\/07\/LaundrySheets_FragranceFree_60-Pack.webp","width":1500,"height":1500},{"@type":"BreadcrumbList","@id":"https:\/\/vitale.hr\/proizvod\/laundry-sheets-listici-za-rublje-bez-mirisa-60\/#breadcrumb","itemListElement":[{"@type":"ListItem","position":1,"name":"Home","item":"https:\/\/vitale.hr\/"},{"@type":"ListItem","position":2,"name":"Trgovina","item":"https:\/\/vitale.hr\/en\/shop\/"},{"@type":"ListItem","position":3,"name":"Laundry sheets &#8211; Listic\u0301i za rublje bez mirisa (60 listi\u0107a)"}]},{"@type":"WebSite","@id":"https:\/\/vitale.hr\/#website","url":"https:\/\/vitale.hr\/","name":"Vitale d.o.o.","description":"Proizvodi budu\u0107nosti","publisher":{"@id":"https:\/\/vitale.hr\/#organization"},"potentialAction":[{"@type":"SearchAction","target":{"@type":"EntryPoint","urlTemplate":"https:\/\/vitale.hr\/?s={search_term_string}"},"query-input":{"@type":"PropertyValueSpecification","valueRequired":true,"valueName":"search_term_string"}}],"inLanguage":"en-US"},{"@type":"Organization","@id":"https:\/\/vitale.hr\/#organization","name":"Vitale d.o.o.","url":"https:\/\/vitale.hr\/","logo":{"@type":"ImageObject","inLanguage":"en-US","@id":"https:\/\/vitale.hr\/#\/schema\/logo\/image\/","url":"https:\/\/vitale.hr\/wp-content\/uploads\/2024\/06\/Vitale-Logo.webp","contentUrl":"https:\/\/vitale.hr\/wp-content\/uploads\/2024\/06\/Vitale-Logo.webp","width":200,"height":50,"caption":"Vitale d.o.o."},"image":{"@id":"https:\/\/vitale.hr\/#\/schema\/logo\/image\/"}}]}},"_links":{"self":[{"href":"https:\/\/vitale.hr\/en\/wp-json\/wp\/v2\/product\/475"}],"collection":[{"href":"https:\/\/vitale.hr\/en\/wp-json\/wp\/v2\/product"}],"about":[{"href":"https:\/\/vitale.hr\/en\/wp-json\/wp\/v2\/types\/product"}],"replies":[{"embeddable":true,"href":"https:\/\/vitale.hr\/en\/wp-json\/wp\/v2\/comments?post=475"}],"version-history":[{"count":4,"href":"https:\/\/vitale.hr\/en\/wp-json\/wp\/v2\/product\/475\/revisions"}],"predecessor-version":[{"id":2435,"href":"https:\/\/vitale.hr\/en\/wp-json\/wp\/v2\/product\/475\/revisions\/2435"}],"wp:featuredmedia":[{"embeddable":true,"href":"https:\/\/vitale.hr\/en\/wp-json\/wp\/v2\/media\/1700"}],"wp:attachment":[{"href":"https:\/\/vitale.hr\/en\/wp-json\/wp\/v2\/media?parent=475"}],"wp:term":[{"taxonomy":"product_cat","embeddable":true,"href":"https:\/\/vitale.hr\/en\/wp-json\/wp\/v2\/product_cat?post=475"},{"taxonomy":"product_tag","embeddable":true,"href":"https:\/\/vitale.hr\/en\/wp-json\/wp\/v2\/product_tag?post=475"}],"curies":[{"name":"wp","href":"https:\/\/api.w.org\/{rel}","templated":true}]}}