{"id":2890,"date":"2026-04-14T08:33:40","date_gmt":"2026-04-14T08:33:40","guid":{"rendered":"https:\/\/vitale.hr\/?post_type=product&#038;p=2890"},"modified":"2026-04-14T08:33:48","modified_gmt":"2026-04-14T08:33:48","slug":"uv-lampa-model-sx150","status":"publish","type":"product","link":"https:\/\/vitale.hr\/en\/product\/uv-lamp-model-sx150\/","title":{"rendered":"UV lampa model SX-150"},"content":{"rendered":"<p><strong>Kako se koristi i pokre\u0107e prijenosni UV aparat SX- 150?<\/strong><\/p>\n<p>Prijenosni UV ure\u0111aj SX &#8211; 150 visok je svega 108 cm i lako prenosiv zahvaljuju\u0107i ru\u010dci na ku\u0107i\u0161tu i kota\u010di\u0107ima u bazi. Iako male visine ure\u0111aj ima sijalice ukupne ja\u010dine 150 W, koje daju relativno visoku dozu UV-C zra\u010denja od 450 mJ\/cm\u00b2 u valne duljine 254 nm. Ova doza mo\u017ee uzrokovati o\u0161te\u0107enje ko\u017ee, kao \u0161to su opekline od sunca deskvamacija (guljenje ko\u017ee), a tako\u0111er mo\u017ee dovesti do dugoro\u010dnih posljedica poput raka ko\u017ee pri kroni\u010dnom izlaganju. Va\u017eno je uzeti u obzir valnu duljinu i trajanje izlaganja prilikom procjene utjecaja odre\u0111ene doze UV zra\u010denja.<\/p>\n<p>U metalnom ku\u0107i\u0161tu aparata nalazi se ruka sa dvije UV lampe koja se izvla\u010di i postavlja u \u017eeljeni polo\u017eaj, ovisno o prostoru koji se \u017eeli tretirati. Lampa se mo\u017ee postaviti u polo\u017eaj od 0 do 180 stupnjeva, \u0161to olak\u0161ava tretiranje razli\u010ditih povr\u0161ina.<\/p>\n<p>Nakon \u0161to se ure\u0111aj uklju\u010di u struju i svo daljnje upravljanje vr\u0161i se putem daljinskog upravlja\u010da kojim se zadaju naredbe za daljnji rad. Za po\u010detak rada na daljinskom upravlja\u010du odabere se \u017eeljeno vrijeme rada lampe: 30, 60, 90,120, 150 minuta. Pritiskom na tipku vremena \u010duje se zvu\u010dni signal na aparatu koji potvr\u0111uje primanje naredbe. Nakon toga, pritisne se start, nakon \u010dega \u0107e se UV lampa automatski uklju\u010diti u roku od 8 sekundi te automatski isklju\u010diti po isteku odabranog vremena.<\/p>\n<p>Ove UV ure\u0111aje velik snage mogu koristiti samo osposobljeni operateri upoznati sa rizicima upotrebe UV ure\u0111aja za dezinfekciju.<br \/>\nPrilikom uklju\u010divanja lampe, svi moraju napustiti prostoriju. Ne zaboravite na ku\u0107ne ljubimce i sobno bilje \u2013 njih za\u0161titite prekrivanjem. Naknadno paljenje lampe nakon 8 sekundi slu\u017ei sigurnosti i daje vam dovoljno vremena za napu\u0161tanje prostorije.<\/p>\n<p>UV svjetlo je vrlo opasno za sva \u017eiva bi\u0107a, o\u0161te\u0107uje ko\u017eu i o\u010di, stoga se ne smije boraviti u prostoriji gdje radi UV lampa niti gledati u UV svjetlo.<\/p>\n<p><strong>Na koliko postaviti vrijeme i \u0161to tretirati?<\/strong><\/p>\n<p>UV lampa koja emitira UV-C svjetlo od 254 nm djeluje na zrak oko sebe i na povr\u0161ine koje obasjava. Djelovanje UV svjetla ovisi o ja\u010dini svjetla i vremenu izlo\u017eenosti UV zrakama.<\/p>\n<p>Pro\u010di\u0161\u0107avanje zraka kojim se prenose patogeni relativno je lak\u0161i zadatak, jer se ve\u0107 u kra\u0107im intervalima od 30 minuta zra\u010dni prostor mo\u017ee potpuno sterilizirati, \u010dime vi\u0161e ne\u0107e biti aktivnih bakterija, virusa ili plijesni.<br \/>\nNe\u0161to zahtjevniji zadatak je sterilizacija razli\u010ditih dijelova prostorije, UVC zrake mogu djelovati samo na povr\u0161inu, a dijelovi prostora koji ostaju u sjeni ne\u0107e biti izlo\u017eeni dovoljnoj koli\u010dini zra\u010denja.<\/p>\n<p>I u takvim slu\u010dajevima, prijenosna UVC lampa od 254 nm pokazala se u\u010dinkovitom zbog mogu\u0107nosti prodiranja zra\u010denja ispod povr\u0161ine kod odre\u0111enih materijala, a mobilnost UV ure\u0111aja omogu\u0107uje pomicanje i obasjavanje svih dijelova prostora. Odabirom du\u017eeg vremena rada UVC svjetiljke mogu se sterilizirati i zahtjevnije povr\u0161ine.<\/p>\n<p>Deaktivacija bakterija i virusa pod neposrednim izvorom UV svjetla traje kratko, od par sekundi do nekoliko minuta. Du\u017ei period potreban je za sterilizaciju ve\u0107ih prostora, tu treba uzeti u obzir udaljenost od izvora UV svjetla i ja\u010dinu UV sijalice \u0161to odre\u0111uju koli\u010dinu zra\u010denja koju \u0107e primiti odre\u0111ena povr\u0161ina. \u0160to je udaljenost ve\u0107a, vi\u0161e je vremena potrebno kako bi se ostvario efekt sterilizacije.<\/p>\n<p>Model SX 150 s ja\u010dinom lampe od 150W dizajniran za efektivnu sterilizaciju prostorija od 70 m3. Pogodna za zahtjevnije zadatke sterilizacije prostorija u bolnicama i objektima privatne i komercijalne naravi, kao \u0161to su dvorane, gledali\u0161ta, hodnici, blagovaonice, kuhinje, sanitarnih \u010dvorova.<br \/>\nUV zrake uspje\u0161no prodiru kroz tekstilne povr\u0161ine, pa su UV lampe pogodne za dezinfekciju namje\u0161taja s tekstilnom presvlakom. Uz tretiranje iz vi\u0161e uglova, ako ima zasjenjenja, tretman mo\u017ee trajati 30 minuta.<\/p>\n<p>UV uspje\u0161no otklanja spore, plijesni i neugodne mirise s povr\u0161ina zidova kupaonica, spremi\u0161ta i podruma. Zbog slabog prodiranja u povr\u0161inu, zra\u010denje takvih zidova mo\u017ee potrajati do 60 minuta.<\/p>\n<p>Za sterilizaciju zraka i povr\u0161ina od pribli\u017eno 70 m2, postavljanjem lampe u sredinu prostorije, vremenski period od 30 do 60 minuta bit \u0107e zadovoljavaju\u0107i.<\/p>\n<p><strong>Nakon tretmana<\/strong><\/p>\n<p>Nakon svakog tretmana UV zra\u010denjem potrebno je dobro zra\u010diti prostoriju. To je va\u017eno zbog mirisa koji nastaje djelovanjem UV zraka na mikroorganizme i spojeve, te zbog mogu\u0107nosti pojave plina ozona, koji je otrovan u ve\u0107im koncentracijama.<\/p>\n<p>Sterilizaciju prostorija treba provoditi redovito, u intervalima od 7 ili 14 dana. U komercijalnim i bolni\u010dkim objektima sterilizaciju bi trebalo provoditi nakon svakog gosta ili pacijenta.<\/p>\n<p><img fetchpriority=\"high\" decoding=\"async\" class=\"aligncenter size-large wp-image-2879\" src=\"https:\/\/vitale.hr\/wp-content\/uploads\/2026\/04\/Primjena-970x1024.webp\" alt=\"\" width=\"970\" height=\"1024\" srcset=\"https:\/\/vitale.hr\/wp-content\/uploads\/2026\/04\/Primjena-970x1024.webp 970w, https:\/\/vitale.hr\/wp-content\/uploads\/2026\/04\/Primjena-284x300.webp 284w, https:\/\/vitale.hr\/wp-content\/uploads\/2026\/04\/Primjena-768x811.webp 768w, https:\/\/vitale.hr\/wp-content\/uploads\/2026\/04\/Primjena-1454x1536.webp 1454w, https:\/\/vitale.hr\/wp-content\/uploads\/2026\/04\/Primjena-1939x2048.webp 1939w, https:\/\/vitale.hr\/wp-content\/uploads\/2026\/04\/Primjena-11x12.webp 11w, https:\/\/vitale.hr\/wp-content\/uploads\/2026\/04\/Primjena-76x80.webp 76w, https:\/\/vitale.hr\/wp-content\/uploads\/2026\/04\/Primjena-360x380.webp 360w, https:\/\/vitale.hr\/wp-content\/uploads\/2026\/04\/Primjena-373x394.webp 373w, https:\/\/vitale.hr\/wp-content\/uploads\/2026\/04\/Primjena-620x655.webp 620w, https:\/\/vitale.hr\/wp-content\/uploads\/2026\/04\/Primjena-460x486.webp 460w, https:\/\/vitale.hr\/wp-content\/uploads\/2026\/04\/Primjena-365x385.webp 365w, https:\/\/vitale.hr\/wp-content\/uploads\/2026\/04\/Primjena-300x317.webp 300w, https:\/\/vitale.hr\/wp-content\/uploads\/2026\/04\/Primjena-600x634.webp 600w\" sizes=\"(max-width: 970px) 100vw, 970px\" \/><\/p>","protected":false},"excerpt":{"rendered":"<p class=\"tx-excerpt\">Ultraljubi\u010dasto (UV) zra\u010denje je vrsta elektromagnetskog zra\u010denja koje se nalazi izme\u0111u vidljive svjetlosti i rendgenskih zraka. Kategorizira se na UVA, UVB i UVC, pri \u010demu je UVC naj\u0161tetnije, ali ga Zemljina atmosfera uglavnom","protected":false},"featured_media":2892,"comment_status":"closed","ping_status":"closed","template":"","meta":[],"product_cat":[95],"product_tag":[],"yoast_head":"<!-- This site is optimized with the Yoast SEO plugin v23.9 - https:\/\/yoast.com\/wordpress\/plugins\/seo\/ -->\n<title>UV lampa model SX-150 - Vitale d.o.o.<\/title>\n<meta name=\"description\" content=\"UVC zra\u010denje iz tehni\u010dkih izvora ekolo\u0161ka alternativa je kemijskim sredstvima za sterilizaciju prostora, ima u\u010dinkovitost 99%.\" \/>\n<meta name=\"robots\" content=\"index, follow, max-snippet:-1, max-image-preview:large, max-video-preview:-1\" \/>\n<link rel=\"canonical\" href=\"https:\/\/vitale.hr\/en\/product\/uv-lamp-model-sx150\/\" \/>\n<meta property=\"og:locale\" content=\"en_US\" \/>\n<meta property=\"og:type\" content=\"article\" \/>\n<meta property=\"og:title\" content=\"UV lampa model SX-150 - Vitale d.o.o.\" \/>\n<meta property=\"og:description\" content=\"UVC zra\u010denje iz tehni\u010dkih izvora ekolo\u0161ka alternativa je kemijskim sredstvima za sterilizaciju prostora, ima u\u010dinkovitost 99%.\" \/>\n<meta property=\"og:url\" content=\"https:\/\/vitale.hr\/en\/product\/uv-lamp-model-sx150\/\" \/>\n<meta property=\"og:site_name\" content=\"Vitale d.o.o.\" \/>\n<meta property=\"article:modified_time\" content=\"2026-04-14T08:33:48+00:00\" \/>\n<meta property=\"og:image\" content=\"https:\/\/vitale.hr\/wp-content\/uploads\/2026\/04\/Uredaj-SX150.webp\" \/>\n\t<meta property=\"og:image:width\" content=\"800\" \/>\n\t<meta property=\"og:image:height\" content=\"800\" \/>\n\t<meta property=\"og:image:type\" content=\"image\/webp\" \/>\n<meta name=\"twitter:card\" content=\"summary_large_image\" \/>\n<script type=\"application\/ld+json\" class=\"yoast-schema-graph\">{\"@context\":\"https:\/\/schema.org\",\"@graph\":[{\"@type\":\"WebPage\",\"@id\":\"https:\/\/vitale.hr\/proizvod\/uv-lampa-model-sx150\/\",\"url\":\"https:\/\/vitale.hr\/proizvod\/uv-lampa-model-sx150\/\",\"name\":\"UV lampa model SX-150 - Vitale d.o.o.\",\"isPartOf\":{\"@id\":\"https:\/\/vitale.hr\/#website\"},\"primaryImageOfPage\":{\"@id\":\"https:\/\/vitale.hr\/proizvod\/uv-lampa-model-sx150\/#primaryimage\"},\"image\":{\"@id\":\"https:\/\/vitale.hr\/proizvod\/uv-lampa-model-sx150\/#primaryimage\"},\"thumbnailUrl\":\"https:\/\/vitale.hr\/wp-content\/uploads\/2026\/04\/Uredaj-SX150.webp\",\"datePublished\":\"2026-04-14T08:33:40+00:00\",\"dateModified\":\"2026-04-14T08:33:48+00:00\",\"description\":\"UVC zra\u010denje iz tehni\u010dkih izvora ekolo\u0161ka alternativa je kemijskim sredstvima za sterilizaciju prostora, ima u\u010dinkovitost 99%.\",\"breadcrumb\":{\"@id\":\"https:\/\/vitale.hr\/proizvod\/uv-lampa-model-sx150\/#breadcrumb\"},\"inLanguage\":\"en-US\",\"potentialAction\":[{\"@type\":\"ReadAction\",\"target\":[\"https:\/\/vitale.hr\/proizvod\/uv-lampa-model-sx150\/\"]}]},{\"@type\":\"ImageObject\",\"inLanguage\":\"en-US\",\"@id\":\"https:\/\/vitale.hr\/proizvod\/uv-lampa-model-sx150\/#primaryimage\",\"url\":\"https:\/\/vitale.hr\/wp-content\/uploads\/2026\/04\/Uredaj-SX150.webp\",\"contentUrl\":\"https:\/\/vitale.hr\/wp-content\/uploads\/2026\/04\/Uredaj-SX150.webp\",\"width\":800,\"height\":800},{\"@type\":\"BreadcrumbList\",\"@id\":\"https:\/\/vitale.hr\/proizvod\/uv-lampa-model-sx150\/#breadcrumb\",\"itemListElement\":[{\"@type\":\"ListItem\",\"position\":1,\"name\":\"Home\",\"item\":\"https:\/\/vitale.hr\/\"},{\"@type\":\"ListItem\",\"position\":2,\"name\":\"Trgovina\",\"item\":\"https:\/\/vitale.hr\/en\/shop\/\"},{\"@type\":\"ListItem\",\"position\":3,\"name\":\"UV lampa model SX-150\"}]},{\"@type\":\"WebSite\",\"@id\":\"https:\/\/vitale.hr\/#website\",\"url\":\"https:\/\/vitale.hr\/\",\"name\":\"Vitale d.o.o.\",\"description\":\"Proizvodi budu\u0107nosti\",\"publisher\":{\"@id\":\"https:\/\/vitale.hr\/#organization\"},\"potentialAction\":[{\"@type\":\"SearchAction\",\"target\":{\"@type\":\"EntryPoint\",\"urlTemplate\":\"https:\/\/vitale.hr\/?s={search_term_string}\"},\"query-input\":{\"@type\":\"PropertyValueSpecification\",\"valueRequired\":true,\"valueName\":\"search_term_string\"}}],\"inLanguage\":\"en-US\"},{\"@type\":\"Organization\",\"@id\":\"https:\/\/vitale.hr\/#organization\",\"name\":\"Vitale d.o.o.\",\"url\":\"https:\/\/vitale.hr\/\",\"logo\":{\"@type\":\"ImageObject\",\"inLanguage\":\"en-US\",\"@id\":\"https:\/\/vitale.hr\/#\/schema\/logo\/image\/\",\"url\":\"https:\/\/vitale.hr\/wp-content\/uploads\/2024\/06\/Vitale-Logo.webp\",\"contentUrl\":\"https:\/\/vitale.hr\/wp-content\/uploads\/2024\/06\/Vitale-Logo.webp\",\"width\":200,\"height\":50,\"caption\":\"Vitale d.o.o.\"},\"image\":{\"@id\":\"https:\/\/vitale.hr\/#\/schema\/logo\/image\/\"}}]}<\/script>\n<!-- \/ Yoast SEO plugin. -->","yoast_head_json":{"title":"UV lampa model SX-150 - Vitale d.o.o.","description":"UVC zra\u010denje iz tehni\u010dkih izvora ekolo\u0161ka alternativa je kemijskim sredstvima za sterilizaciju prostora, ima u\u010dinkovitost 99%.","robots":{"index":"index","follow":"follow","max-snippet":"max-snippet:-1","max-image-preview":"max-image-preview:large","max-video-preview":"max-video-preview:-1"},"canonical":"https:\/\/vitale.hr\/en\/product\/uv-lamp-model-sx150\/","og_locale":"en_US","og_type":"article","og_title":"UV lampa model SX-150 - Vitale d.o.o.","og_description":"UVC zra\u010denje iz tehni\u010dkih izvora ekolo\u0161ka alternativa je kemijskim sredstvima za sterilizaciju prostora, ima u\u010dinkovitost 99%.","og_url":"https:\/\/vitale.hr\/en\/product\/uv-lamp-model-sx150\/","og_site_name":"Vitale d.o.o.","article_modified_time":"2026-04-14T08:33:48+00:00","og_image":[{"width":800,"height":800,"url":"https:\/\/vitale.hr\/wp-content\/uploads\/2026\/04\/Uredaj-SX150.webp","type":"image\/webp"}],"twitter_card":"summary_large_image","schema":{"@context":"https:\/\/schema.org","@graph":[{"@type":"WebPage","@id":"https:\/\/vitale.hr\/proizvod\/uv-lampa-model-sx150\/","url":"https:\/\/vitale.hr\/proizvod\/uv-lampa-model-sx150\/","name":"UV lampa model SX-150 - Vitale d.o.o.","isPartOf":{"@id":"https:\/\/vitale.hr\/#website"},"primaryImageOfPage":{"@id":"https:\/\/vitale.hr\/proizvod\/uv-lampa-model-sx150\/#primaryimage"},"image":{"@id":"https:\/\/vitale.hr\/proizvod\/uv-lampa-model-sx150\/#primaryimage"},"thumbnailUrl":"https:\/\/vitale.hr\/wp-content\/uploads\/2026\/04\/Uredaj-SX150.webp","datePublished":"2026-04-14T08:33:40+00:00","dateModified":"2026-04-14T08:33:48+00:00","description":"UVC zra\u010denje iz tehni\u010dkih izvora ekolo\u0161ka alternativa je kemijskim sredstvima za sterilizaciju prostora, ima u\u010dinkovitost 99%.","breadcrumb":{"@id":"https:\/\/vitale.hr\/proizvod\/uv-lampa-model-sx150\/#breadcrumb"},"inLanguage":"en-US","potentialAction":[{"@type":"ReadAction","target":["https:\/\/vitale.hr\/proizvod\/uv-lampa-model-sx150\/"]}]},{"@type":"ImageObject","inLanguage":"en-US","@id":"https:\/\/vitale.hr\/proizvod\/uv-lampa-model-sx150\/#primaryimage","url":"https:\/\/vitale.hr\/wp-content\/uploads\/2026\/04\/Uredaj-SX150.webp","contentUrl":"https:\/\/vitale.hr\/wp-content\/uploads\/2026\/04\/Uredaj-SX150.webp","width":800,"height":800},{"@type":"BreadcrumbList","@id":"https:\/\/vitale.hr\/proizvod\/uv-lampa-model-sx150\/#breadcrumb","itemListElement":[{"@type":"ListItem","position":1,"name":"Home","item":"https:\/\/vitale.hr\/"},{"@type":"ListItem","position":2,"name":"Trgovina","item":"https:\/\/vitale.hr\/en\/shop\/"},{"@type":"ListItem","position":3,"name":"UV lampa model SX-150"}]},{"@type":"WebSite","@id":"https:\/\/vitale.hr\/#website","url":"https:\/\/vitale.hr\/","name":"Vitale d.o.o.","description":"Proizvodi budu\u0107nosti","publisher":{"@id":"https:\/\/vitale.hr\/#organization"},"potentialAction":[{"@type":"SearchAction","target":{"@type":"EntryPoint","urlTemplate":"https:\/\/vitale.hr\/?s={search_term_string}"},"query-input":{"@type":"PropertyValueSpecification","valueRequired":true,"valueName":"search_term_string"}}],"inLanguage":"en-US"},{"@type":"Organization","@id":"https:\/\/vitale.hr\/#organization","name":"Vitale d.o.o.","url":"https:\/\/vitale.hr\/","logo":{"@type":"ImageObject","inLanguage":"en-US","@id":"https:\/\/vitale.hr\/#\/schema\/logo\/image\/","url":"https:\/\/vitale.hr\/wp-content\/uploads\/2024\/06\/Vitale-Logo.webp","contentUrl":"https:\/\/vitale.hr\/wp-content\/uploads\/2024\/06\/Vitale-Logo.webp","width":200,"height":50,"caption":"Vitale d.o.o."},"image":{"@id":"https:\/\/vitale.hr\/#\/schema\/logo\/image\/"}}]}},"_links":{"self":[{"href":"https:\/\/vitale.hr\/en\/wp-json\/wp\/v2\/product\/2890"}],"collection":[{"href":"https:\/\/vitale.hr\/en\/wp-json\/wp\/v2\/product"}],"about":[{"href":"https:\/\/vitale.hr\/en\/wp-json\/wp\/v2\/types\/product"}],"replies":[{"embeddable":true,"href":"https:\/\/vitale.hr\/en\/wp-json\/wp\/v2\/comments?post=2890"}],"version-history":[{"count":4,"href":"https:\/\/vitale.hr\/en\/wp-json\/wp\/v2\/product\/2890\/revisions"}],"predecessor-version":[{"id":2925,"href":"https:\/\/vitale.hr\/en\/wp-json\/wp\/v2\/product\/2890\/revisions\/2925"}],"wp:featuredmedia":[{"embeddable":true,"href":"https:\/\/vitale.hr\/en\/wp-json\/wp\/v2\/media\/2892"}],"wp:attachment":[{"href":"https:\/\/vitale.hr\/en\/wp-json\/wp\/v2\/media?parent=2890"}],"wp:term":[{"taxonomy":"product_cat","embeddable":true,"href":"https:\/\/vitale.hr\/en\/wp-json\/wp\/v2\/product_cat?post=2890"},{"taxonomy":"product_tag","embeddable":true,"href":"https:\/\/vitale.hr\/en\/wp-json\/wp\/v2\/product_tag?post=2890"}],"curies":[{"name":"wp","href":"https:\/\/api.w.org\/{rel}","templated":true}]}}