{"id":2885,"date":"2026-04-14T08:30:18","date_gmt":"2026-04-14T08:30:18","guid":{"rendered":"https:\/\/vitale.hr\/?post_type=product&#038;p=2885"},"modified":"2026-04-14T08:31:33","modified_gmt":"2026-04-14T08:31:33","slug":"uv-lampa-model-sx-h60","status":"publish","type":"product","link":"https:\/\/vitale.hr\/en\/product\/uv-lamp-model-sx-h60\/","title":{"rendered":"UV lampa model SX H60"},"content":{"rendered":"<p>Prijenosni UV ure\u0111aj SX H60 visok je svega 60 cm i lako prenosiv zahvaljuju\u0107i kota\u010di\u0107ima u bazi. U metalnom ku\u0107i\u0161tu aparata nalazi se UV lampa koju se izvla\u010di i postavlja u \u017eeljeni polo\u017eaj, ovisno o prostoru koji se \u017eeli sterilizirati. Svjetiljka je u formi dugog slova U i mo\u017ee se postaviti u polo\u017eaj od 90 do 180 stupnjeva, \u0161to olak\u0161ava tretiranje raznih povr\u0161ina.<\/p>\n<p>Nakon \u0161to se ure\u0111aj uklju\u010di u struju i sve komande za daljnji rad se zadaju isklju\u010divo putem daljinskog upravlja\u010da. Za po\u010detak rada na daljinskom upravlja\u010du odaberite \u017eeljeno vrijeme rada svjetiljke: 30, 60, 90 ili 120 minuta. Pritiskom na tipku odabranog vremena \u010duje se zvu\u010dni signal na aparatu koji potvr\u0111uje primanje naredbe. Nakon toga, pritisne se start, nakon \u010dega \u0107e se UV svjetiljka automatski uklju\u010diti u roku od 8 sekundi te automatski isklju\u010diti po isteku odabranog vremena.<br \/>\nPrilikom uklju\u010divanja UV svjetiljke, svi moraju napustiti prostoriju. Ne zaboravite na ku\u0107ne ljubimce i sobno bilje \u2013 njih za\u0161titite prekrivanjem. Paljenje lampe nakon 8 sekundi sigurnosna je funkcija i daje vam dovoljno vremena za napu\u0161tanje prostorije.<\/p>\n<p>UV-C svjetlo je \u0161tetno za sva \u017eiva bi\u0107a, o\u0161te\u0107uje ko\u017eu i o\u010di, stoga se ne smije boraviti u prostoriji gdje radi UV svjetiljka niti gledati u UV svjetlo.<\/p>\n<p><img fetchpriority=\"high\" decoding=\"async\" class=\"aligncenter size-large wp-image-2879\" src=\"https:\/\/vitale.hr\/wp-content\/uploads\/2026\/04\/Primjena-970x1024.webp\" alt=\"\" width=\"970\" height=\"1024\" srcset=\"https:\/\/vitale.hr\/wp-content\/uploads\/2026\/04\/Primjena-970x1024.webp 970w, https:\/\/vitale.hr\/wp-content\/uploads\/2026\/04\/Primjena-284x300.webp 284w, https:\/\/vitale.hr\/wp-content\/uploads\/2026\/04\/Primjena-768x811.webp 768w, https:\/\/vitale.hr\/wp-content\/uploads\/2026\/04\/Primjena-1454x1536.webp 1454w, https:\/\/vitale.hr\/wp-content\/uploads\/2026\/04\/Primjena-1939x2048.webp 1939w, https:\/\/vitale.hr\/wp-content\/uploads\/2026\/04\/Primjena-11x12.webp 11w, https:\/\/vitale.hr\/wp-content\/uploads\/2026\/04\/Primjena-76x80.webp 76w, https:\/\/vitale.hr\/wp-content\/uploads\/2026\/04\/Primjena-360x380.webp 360w, https:\/\/vitale.hr\/wp-content\/uploads\/2026\/04\/Primjena-373x394.webp 373w, https:\/\/vitale.hr\/wp-content\/uploads\/2026\/04\/Primjena-620x655.webp 620w, https:\/\/vitale.hr\/wp-content\/uploads\/2026\/04\/Primjena-460x486.webp 460w, https:\/\/vitale.hr\/wp-content\/uploads\/2026\/04\/Primjena-365x385.webp 365w, https:\/\/vitale.hr\/wp-content\/uploads\/2026\/04\/Primjena-300x317.webp 300w, https:\/\/vitale.hr\/wp-content\/uploads\/2026\/04\/Primjena-600x634.webp 600w\" sizes=\"(max-width: 970px) 100vw, 970px\" \/><\/p>","protected":false},"excerpt":{"rendered":"<p class=\"tx-excerpt\">UV zra\u010denje je ekolo\u0161ka alternativa kemijskim sredstvima za sterilizaciju prostora, s u\u010dinkovito\u0161\u0107u od 99%. UV svjetlo valne duljine 254 nm poznato je po svojem anti baktericidnom i antivirusnom djelovanju. Spektar UV zra\u010denja koji","protected":false},"featured_media":2887,"comment_status":"closed","ping_status":"closed","template":"","meta":[],"product_cat":[95],"product_tag":[],"yoast_head":"<!-- This site is optimized with the Yoast SEO plugin v23.9 - https:\/\/yoast.com\/wordpress\/plugins\/seo\/ -->\n<title>UV lampa model SX H60 - Vitale d.o.o.<\/title>\n<meta name=\"description\" content=\"UVC zra\u010denje iz tehni\u010dkih izvora ekolo\u0161ka alternativa je kemijskim sredstvima za sterilizaciju prostora, ima u\u010dinkovitost 99%.\" \/>\n<meta name=\"robots\" content=\"index, follow, max-snippet:-1, max-image-preview:large, max-video-preview:-1\" \/>\n<link rel=\"canonical\" href=\"https:\/\/vitale.hr\/en\/product\/uv-lamp-model-sx-h60\/\" \/>\n<meta property=\"og:locale\" content=\"en_US\" \/>\n<meta property=\"og:type\" content=\"article\" \/>\n<meta property=\"og:title\" content=\"UV lampa model SX H60 - Vitale d.o.o.\" \/>\n<meta property=\"og:description\" content=\"UVC zra\u010denje iz tehni\u010dkih izvora ekolo\u0161ka alternativa je kemijskim sredstvima za sterilizaciju prostora, ima u\u010dinkovitost 99%.\" \/>\n<meta property=\"og:url\" content=\"https:\/\/vitale.hr\/en\/product\/uv-lamp-model-sx-h60\/\" \/>\n<meta property=\"og:site_name\" content=\"Vitale d.o.o.\" \/>\n<meta property=\"article:modified_time\" content=\"2026-04-14T08:31:33+00:00\" \/>\n<meta property=\"og:image\" content=\"https:\/\/vitale.hr\/wp-content\/uploads\/2026\/04\/Profesionalna-SX-H60-UV-Lampa.jpg\" \/>\n\t<meta property=\"og:image:width\" content=\"800\" \/>\n\t<meta property=\"og:image:height\" content=\"800\" \/>\n\t<meta property=\"og:image:type\" content=\"image\/jpeg\" \/>\n<meta name=\"twitter:card\" content=\"summary_large_image\" \/>\n<script type=\"application\/ld+json\" class=\"yoast-schema-graph\">{\"@context\":\"https:\/\/schema.org\",\"@graph\":[{\"@type\":\"WebPage\",\"@id\":\"https:\/\/vitale.hr\/proizvod\/uv-lampa-model-sx-h60\/\",\"url\":\"https:\/\/vitale.hr\/proizvod\/uv-lampa-model-sx-h60\/\",\"name\":\"UV lampa model SX H60 - Vitale d.o.o.\",\"isPartOf\":{\"@id\":\"https:\/\/vitale.hr\/#website\"},\"primaryImageOfPage\":{\"@id\":\"https:\/\/vitale.hr\/proizvod\/uv-lampa-model-sx-h60\/#primaryimage\"},\"image\":{\"@id\":\"https:\/\/vitale.hr\/proizvod\/uv-lampa-model-sx-h60\/#primaryimage\"},\"thumbnailUrl\":\"https:\/\/vitale.hr\/wp-content\/uploads\/2026\/04\/Profesionalna-SX-H60-UV-Lampa.jpg\",\"datePublished\":\"2026-04-14T08:30:18+00:00\",\"dateModified\":\"2026-04-14T08:31:33+00:00\",\"description\":\"UVC zra\u010denje iz tehni\u010dkih izvora ekolo\u0161ka alternativa je kemijskim sredstvima za sterilizaciju prostora, ima u\u010dinkovitost 99%.\",\"breadcrumb\":{\"@id\":\"https:\/\/vitale.hr\/proizvod\/uv-lampa-model-sx-h60\/#breadcrumb\"},\"inLanguage\":\"en-US\",\"potentialAction\":[{\"@type\":\"ReadAction\",\"target\":[\"https:\/\/vitale.hr\/proizvod\/uv-lampa-model-sx-h60\/\"]}]},{\"@type\":\"ImageObject\",\"inLanguage\":\"en-US\",\"@id\":\"https:\/\/vitale.hr\/proizvod\/uv-lampa-model-sx-h60\/#primaryimage\",\"url\":\"https:\/\/vitale.hr\/wp-content\/uploads\/2026\/04\/Profesionalna-SX-H60-UV-Lampa.jpg\",\"contentUrl\":\"https:\/\/vitale.hr\/wp-content\/uploads\/2026\/04\/Profesionalna-SX-H60-UV-Lampa.jpg\",\"width\":800,\"height\":800},{\"@type\":\"BreadcrumbList\",\"@id\":\"https:\/\/vitale.hr\/proizvod\/uv-lampa-model-sx-h60\/#breadcrumb\",\"itemListElement\":[{\"@type\":\"ListItem\",\"position\":1,\"name\":\"Home\",\"item\":\"https:\/\/vitale.hr\/\"},{\"@type\":\"ListItem\",\"position\":2,\"name\":\"Trgovina\",\"item\":\"https:\/\/vitale.hr\/en\/shop\/\"},{\"@type\":\"ListItem\",\"position\":3,\"name\":\"UV lampa model SX H60\"}]},{\"@type\":\"WebSite\",\"@id\":\"https:\/\/vitale.hr\/#website\",\"url\":\"https:\/\/vitale.hr\/\",\"name\":\"Vitale d.o.o.\",\"description\":\"Proizvodi budu\u0107nosti\",\"publisher\":{\"@id\":\"https:\/\/vitale.hr\/#organization\"},\"potentialAction\":[{\"@type\":\"SearchAction\",\"target\":{\"@type\":\"EntryPoint\",\"urlTemplate\":\"https:\/\/vitale.hr\/?s={search_term_string}\"},\"query-input\":{\"@type\":\"PropertyValueSpecification\",\"valueRequired\":true,\"valueName\":\"search_term_string\"}}],\"inLanguage\":\"en-US\"},{\"@type\":\"Organization\",\"@id\":\"https:\/\/vitale.hr\/#organization\",\"name\":\"Vitale d.o.o.\",\"url\":\"https:\/\/vitale.hr\/\",\"logo\":{\"@type\":\"ImageObject\",\"inLanguage\":\"en-US\",\"@id\":\"https:\/\/vitale.hr\/#\/schema\/logo\/image\/\",\"url\":\"https:\/\/vitale.hr\/wp-content\/uploads\/2024\/06\/Vitale-Logo.webp\",\"contentUrl\":\"https:\/\/vitale.hr\/wp-content\/uploads\/2024\/06\/Vitale-Logo.webp\",\"width\":200,\"height\":50,\"caption\":\"Vitale d.o.o.\"},\"image\":{\"@id\":\"https:\/\/vitale.hr\/#\/schema\/logo\/image\/\"}}]}<\/script>\n<!-- \/ Yoast SEO plugin. -->","yoast_head_json":{"title":"UV lampa model SX H60 - Vitale d.o.o.","description":"UVC zra\u010denje iz tehni\u010dkih izvora ekolo\u0161ka alternativa je kemijskim sredstvima za sterilizaciju prostora, ima u\u010dinkovitost 99%.","robots":{"index":"index","follow":"follow","max-snippet":"max-snippet:-1","max-image-preview":"max-image-preview:large","max-video-preview":"max-video-preview:-1"},"canonical":"https:\/\/vitale.hr\/en\/product\/uv-lamp-model-sx-h60\/","og_locale":"en_US","og_type":"article","og_title":"UV lampa model SX H60 - Vitale d.o.o.","og_description":"UVC zra\u010denje iz tehni\u010dkih izvora ekolo\u0161ka alternativa je kemijskim sredstvima za sterilizaciju prostora, ima u\u010dinkovitost 99%.","og_url":"https:\/\/vitale.hr\/en\/product\/uv-lamp-model-sx-h60\/","og_site_name":"Vitale d.o.o.","article_modified_time":"2026-04-14T08:31:33+00:00","og_image":[{"width":800,"height":800,"url":"https:\/\/vitale.hr\/wp-content\/uploads\/2026\/04\/Profesionalna-SX-H60-UV-Lampa.jpg","type":"image\/jpeg"}],"twitter_card":"summary_large_image","schema":{"@context":"https:\/\/schema.org","@graph":[{"@type":"WebPage","@id":"https:\/\/vitale.hr\/proizvod\/uv-lampa-model-sx-h60\/","url":"https:\/\/vitale.hr\/proizvod\/uv-lampa-model-sx-h60\/","name":"UV lampa model SX H60 - Vitale d.o.o.","isPartOf":{"@id":"https:\/\/vitale.hr\/#website"},"primaryImageOfPage":{"@id":"https:\/\/vitale.hr\/proizvod\/uv-lampa-model-sx-h60\/#primaryimage"},"image":{"@id":"https:\/\/vitale.hr\/proizvod\/uv-lampa-model-sx-h60\/#primaryimage"},"thumbnailUrl":"https:\/\/vitale.hr\/wp-content\/uploads\/2026\/04\/Profesionalna-SX-H60-UV-Lampa.jpg","datePublished":"2026-04-14T08:30:18+00:00","dateModified":"2026-04-14T08:31:33+00:00","description":"UVC zra\u010denje iz tehni\u010dkih izvora ekolo\u0161ka alternativa je kemijskim sredstvima za sterilizaciju prostora, ima u\u010dinkovitost 99%.","breadcrumb":{"@id":"https:\/\/vitale.hr\/proizvod\/uv-lampa-model-sx-h60\/#breadcrumb"},"inLanguage":"en-US","potentialAction":[{"@type":"ReadAction","target":["https:\/\/vitale.hr\/proizvod\/uv-lampa-model-sx-h60\/"]}]},{"@type":"ImageObject","inLanguage":"en-US","@id":"https:\/\/vitale.hr\/proizvod\/uv-lampa-model-sx-h60\/#primaryimage","url":"https:\/\/vitale.hr\/wp-content\/uploads\/2026\/04\/Profesionalna-SX-H60-UV-Lampa.jpg","contentUrl":"https:\/\/vitale.hr\/wp-content\/uploads\/2026\/04\/Profesionalna-SX-H60-UV-Lampa.jpg","width":800,"height":800},{"@type":"BreadcrumbList","@id":"https:\/\/vitale.hr\/proizvod\/uv-lampa-model-sx-h60\/#breadcrumb","itemListElement":[{"@type":"ListItem","position":1,"name":"Home","item":"https:\/\/vitale.hr\/"},{"@type":"ListItem","position":2,"name":"Trgovina","item":"https:\/\/vitale.hr\/en\/shop\/"},{"@type":"ListItem","position":3,"name":"UV lampa model SX H60"}]},{"@type":"WebSite","@id":"https:\/\/vitale.hr\/#website","url":"https:\/\/vitale.hr\/","name":"Vitale d.o.o.","description":"Proizvodi budu\u0107nosti","publisher":{"@id":"https:\/\/vitale.hr\/#organization"},"potentialAction":[{"@type":"SearchAction","target":{"@type":"EntryPoint","urlTemplate":"https:\/\/vitale.hr\/?s={search_term_string}"},"query-input":{"@type":"PropertyValueSpecification","valueRequired":true,"valueName":"search_term_string"}}],"inLanguage":"en-US"},{"@type":"Organization","@id":"https:\/\/vitale.hr\/#organization","name":"Vitale d.o.o.","url":"https:\/\/vitale.hr\/","logo":{"@type":"ImageObject","inLanguage":"en-US","@id":"https:\/\/vitale.hr\/#\/schema\/logo\/image\/","url":"https:\/\/vitale.hr\/wp-content\/uploads\/2024\/06\/Vitale-Logo.webp","contentUrl":"https:\/\/vitale.hr\/wp-content\/uploads\/2024\/06\/Vitale-Logo.webp","width":200,"height":50,"caption":"Vitale d.o.o."},"image":{"@id":"https:\/\/vitale.hr\/#\/schema\/logo\/image\/"}}]}},"_links":{"self":[{"href":"https:\/\/vitale.hr\/en\/wp-json\/wp\/v2\/product\/2885"}],"collection":[{"href":"https:\/\/vitale.hr\/en\/wp-json\/wp\/v2\/product"}],"about":[{"href":"https:\/\/vitale.hr\/en\/wp-json\/wp\/v2\/types\/product"}],"replies":[{"embeddable":true,"href":"https:\/\/vitale.hr\/en\/wp-json\/wp\/v2\/comments?post=2885"}],"version-history":[{"count":4,"href":"https:\/\/vitale.hr\/en\/wp-json\/wp\/v2\/product\/2885\/revisions"}],"predecessor-version":[{"id":2923,"href":"https:\/\/vitale.hr\/en\/wp-json\/wp\/v2\/product\/2885\/revisions\/2923"}],"wp:featuredmedia":[{"embeddable":true,"href":"https:\/\/vitale.hr\/en\/wp-json\/wp\/v2\/media\/2887"}],"wp:attachment":[{"href":"https:\/\/vitale.hr\/en\/wp-json\/wp\/v2\/media?parent=2885"}],"wp:term":[{"taxonomy":"product_cat","embeddable":true,"href":"https:\/\/vitale.hr\/en\/wp-json\/wp\/v2\/product_cat?post=2885"},{"taxonomy":"product_tag","embeddable":true,"href":"https:\/\/vitale.hr\/en\/wp-json\/wp\/v2\/product_tag?post=2885"}],"curies":[{"name":"wp","href":"https:\/\/api.w.org\/{rel}","templated":true}]}}