{"id":2876,"date":"2026-04-14T08:32:26","date_gmt":"2026-04-14T08:32:26","guid":{"rendered":"https:\/\/vitale.hr\/?post_type=product&#038;p=2876"},"modified":"2026-04-14T08:32:38","modified_gmt":"2026-04-14T08:32:38","slug":"uv-lampa-model-sx","status":"publish","type":"product","link":"https:\/\/vitale.hr\/en\/product\/uv-lamp-model-sx\/","title":{"rendered":"UV lampa model SX"},"content":{"rendered":"<p>Model SX je mobilni sustav visine 104 cm koji se lako premje\u0161ta zahvaljuju\u0107i bazi s 4 okretna kota\u010da (360\u00b0). Ku\u0107i\u0161te je izra\u0111eno od \u010deli\u010dnog lima s plasti\u010dnim premazom, a ure\u0111aj je opremljen UV lampama koje se mogu postaviti pod kutom od 0\u00b0 do 180\u00b0 kako bi se precizno usmjerio snop svjetlosti.<\/p>\n<p>Ovaj ure\u0111aj ima mogu\u0107nost kori\u0161tenja lampi koje proizvode ozon<\/p>\n<p><strong>Postupak rada:<\/strong><\/p>\n<ul>\n<li>Ure\u0111aj se priklju\u010duje na standardnu mre\u017eu od 220V \u00b110%.<\/li>\n<li>Sve naredbe zadaju se isklju\u010divo putem daljinskog upravlja\u010da.<\/li>\n<li>Korisnik odabire \u017eeljeno vrijeme rada: 30, 60, 90 ili 120 minuta.<\/li>\n<li>Nakon odabira vremena, ure\u0111aj emitira akusti\u010dni signal kao potvrdu.<\/li>\n<li>Pritiskom na &#8220;Start&#8221;, UV lampa se automatski uklju\u010duje s odgodom od 8 sekundi.<\/li>\n<\/ul>\n<p>Sigurnosno upozorenje: Zbog opasnosti koju UV-C zra\u010denje predstavlja za ko\u017eu i o\u010di, prostoriju moraju napustiti svi ljudi. Potrebno je za\u0161tititi ili prekriti ku\u0107ne ljubimce i sobne biljke. Odgoda paljenja od 8 sekundi slu\u017ei kao sigurnosna zna\u010dajka koja osigurava dovoljno vremena za izlazak iz prostorije.<\/p>\n<p><img fetchpriority=\"high\" decoding=\"async\" class=\"aligncenter wp-image-2879 size-large\" src=\"https:\/\/vitale.hr\/wp-content\/uploads\/2026\/04\/Primjena-970x1024.webp\" alt=\"\" width=\"970\" height=\"1024\" srcset=\"https:\/\/vitale.hr\/wp-content\/uploads\/2026\/04\/Primjena-970x1024.webp 970w, https:\/\/vitale.hr\/wp-content\/uploads\/2026\/04\/Primjena-284x300.webp 284w, https:\/\/vitale.hr\/wp-content\/uploads\/2026\/04\/Primjena-768x811.webp 768w, https:\/\/vitale.hr\/wp-content\/uploads\/2026\/04\/Primjena-1454x1536.webp 1454w, https:\/\/vitale.hr\/wp-content\/uploads\/2026\/04\/Primjena-1939x2048.webp 1939w, https:\/\/vitale.hr\/wp-content\/uploads\/2026\/04\/Primjena-11x12.webp 11w, https:\/\/vitale.hr\/wp-content\/uploads\/2026\/04\/Primjena-76x80.webp 76w, https:\/\/vitale.hr\/wp-content\/uploads\/2026\/04\/Primjena-360x380.webp 360w, https:\/\/vitale.hr\/wp-content\/uploads\/2026\/04\/Primjena-373x394.webp 373w, https:\/\/vitale.hr\/wp-content\/uploads\/2026\/04\/Primjena-620x655.webp 620w, https:\/\/vitale.hr\/wp-content\/uploads\/2026\/04\/Primjena-460x486.webp 460w, https:\/\/vitale.hr\/wp-content\/uploads\/2026\/04\/Primjena-365x385.webp 365w, https:\/\/vitale.hr\/wp-content\/uploads\/2026\/04\/Primjena-300x317.webp 300w, https:\/\/vitale.hr\/wp-content\/uploads\/2026\/04\/Primjena-600x634.webp 600w\" sizes=\"(max-width: 970px) 100vw, 970px\" \/><\/p>","protected":false},"excerpt":{"rendered":"<p class=\"tx-excerpt\">UV zra\u010denje je ekolo\u0161ki prihvatljiva alternativa kemijskim sredstvima za sterilizaciju, s dokazanom u\u010dinkovito\u0161\u0107u od 99%. UV svjetlost valne duljine 253,7 nm (UVC spektar) naju\u010dinkovitija je za uni\u0161tavanje bakterija i virusa. Spektar zra\u010denja koji","protected":false},"featured_media":2883,"comment_status":"closed","ping_status":"closed","template":"","meta":[],"product_cat":[95],"product_tag":[],"yoast_head":"<!-- This site is optimized with the Yoast SEO plugin v23.9 - https:\/\/yoast.com\/wordpress\/plugins\/seo\/ -->\n<title>UV lampa model SX - Vitale d.o.o.<\/title>\n<meta name=\"description\" content=\"UVC zra\u010denje iz tehni\u010dkih izvora ekolo\u0161ka alternativa je kemijskim sredstvima za sterilizaciju prostora, ima u\u010dinkovitost 99%.\" \/>\n<meta name=\"robots\" content=\"index, follow, max-snippet:-1, max-image-preview:large, max-video-preview:-1\" \/>\n<link rel=\"canonical\" href=\"https:\/\/vitale.hr\/en\/product\/uv-lamp-model-sx\/\" \/>\n<meta property=\"og:locale\" content=\"en_US\" \/>\n<meta property=\"og:type\" content=\"article\" \/>\n<meta property=\"og:title\" content=\"UV lampa model SX - Vitale d.o.o.\" \/>\n<meta property=\"og:description\" content=\"UVC zra\u010denje iz tehni\u010dkih izvora ekolo\u0161ka alternativa je kemijskim sredstvima za sterilizaciju prostora, ima u\u010dinkovitost 99%.\" \/>\n<meta property=\"og:url\" content=\"https:\/\/vitale.hr\/en\/product\/uv-lamp-model-sx\/\" \/>\n<meta property=\"og:site_name\" content=\"Vitale d.o.o.\" \/>\n<meta property=\"article:modified_time\" content=\"2026-04-14T08:32:38+00:00\" \/>\n<meta property=\"og:image\" content=\"https:\/\/vitale.hr\/wp-content\/uploads\/2026\/04\/UV-lapma-SX.jpg\" \/>\n\t<meta property=\"og:image:width\" content=\"800\" \/>\n\t<meta property=\"og:image:height\" content=\"800\" \/>\n\t<meta property=\"og:image:type\" content=\"image\/jpeg\" \/>\n<meta name=\"twitter:card\" content=\"summary_large_image\" \/>\n<script type=\"application\/ld+json\" class=\"yoast-schema-graph\">{\"@context\":\"https:\/\/schema.org\",\"@graph\":[{\"@type\":\"WebPage\",\"@id\":\"https:\/\/vitale.hr\/proizvod\/uv-lampa-model-sx\/\",\"url\":\"https:\/\/vitale.hr\/proizvod\/uv-lampa-model-sx\/\",\"name\":\"UV lampa model SX - Vitale d.o.o.\",\"isPartOf\":{\"@id\":\"https:\/\/vitale.hr\/#website\"},\"primaryImageOfPage\":{\"@id\":\"https:\/\/vitale.hr\/proizvod\/uv-lampa-model-sx\/#primaryimage\"},\"image\":{\"@id\":\"https:\/\/vitale.hr\/proizvod\/uv-lampa-model-sx\/#primaryimage\"},\"thumbnailUrl\":\"https:\/\/vitale.hr\/wp-content\/uploads\/2026\/04\/UV-lapma-SX.jpg\",\"datePublished\":\"2026-04-14T08:32:26+00:00\",\"dateModified\":\"2026-04-14T08:32:38+00:00\",\"description\":\"UVC zra\u010denje iz tehni\u010dkih izvora ekolo\u0161ka alternativa je kemijskim sredstvima za sterilizaciju prostora, ima u\u010dinkovitost 99%.\",\"breadcrumb\":{\"@id\":\"https:\/\/vitale.hr\/proizvod\/uv-lampa-model-sx\/#breadcrumb\"},\"inLanguage\":\"en-US\",\"potentialAction\":[{\"@type\":\"ReadAction\",\"target\":[\"https:\/\/vitale.hr\/proizvod\/uv-lampa-model-sx\/\"]}]},{\"@type\":\"ImageObject\",\"inLanguage\":\"en-US\",\"@id\":\"https:\/\/vitale.hr\/proizvod\/uv-lampa-model-sx\/#primaryimage\",\"url\":\"https:\/\/vitale.hr\/wp-content\/uploads\/2026\/04\/UV-lapma-SX.jpg\",\"contentUrl\":\"https:\/\/vitale.hr\/wp-content\/uploads\/2026\/04\/UV-lapma-SX.jpg\",\"width\":800,\"height\":800},{\"@type\":\"BreadcrumbList\",\"@id\":\"https:\/\/vitale.hr\/proizvod\/uv-lampa-model-sx\/#breadcrumb\",\"itemListElement\":[{\"@type\":\"ListItem\",\"position\":1,\"name\":\"Home\",\"item\":\"https:\/\/vitale.hr\/\"},{\"@type\":\"ListItem\",\"position\":2,\"name\":\"Trgovina\",\"item\":\"https:\/\/vitale.hr\/en\/shop\/\"},{\"@type\":\"ListItem\",\"position\":3,\"name\":\"UV lampa model SX\"}]},{\"@type\":\"WebSite\",\"@id\":\"https:\/\/vitale.hr\/#website\",\"url\":\"https:\/\/vitale.hr\/\",\"name\":\"Vitale d.o.o.\",\"description\":\"Proizvodi budu\u0107nosti\",\"publisher\":{\"@id\":\"https:\/\/vitale.hr\/#organization\"},\"potentialAction\":[{\"@type\":\"SearchAction\",\"target\":{\"@type\":\"EntryPoint\",\"urlTemplate\":\"https:\/\/vitale.hr\/?s={search_term_string}\"},\"query-input\":{\"@type\":\"PropertyValueSpecification\",\"valueRequired\":true,\"valueName\":\"search_term_string\"}}],\"inLanguage\":\"en-US\"},{\"@type\":\"Organization\",\"@id\":\"https:\/\/vitale.hr\/#organization\",\"name\":\"Vitale d.o.o.\",\"url\":\"https:\/\/vitale.hr\/\",\"logo\":{\"@type\":\"ImageObject\",\"inLanguage\":\"en-US\",\"@id\":\"https:\/\/vitale.hr\/#\/schema\/logo\/image\/\",\"url\":\"https:\/\/vitale.hr\/wp-content\/uploads\/2024\/06\/Vitale-Logo.webp\",\"contentUrl\":\"https:\/\/vitale.hr\/wp-content\/uploads\/2024\/06\/Vitale-Logo.webp\",\"width\":200,\"height\":50,\"caption\":\"Vitale d.o.o.\"},\"image\":{\"@id\":\"https:\/\/vitale.hr\/#\/schema\/logo\/image\/\"}}]}<\/script>\n<!-- \/ Yoast SEO plugin. -->","yoast_head_json":{"title":"UV lampa model SX - Vitale d.o.o.","description":"UVC zra\u010denje iz tehni\u010dkih izvora ekolo\u0161ka alternativa je kemijskim sredstvima za sterilizaciju prostora, ima u\u010dinkovitost 99%.","robots":{"index":"index","follow":"follow","max-snippet":"max-snippet:-1","max-image-preview":"max-image-preview:large","max-video-preview":"max-video-preview:-1"},"canonical":"https:\/\/vitale.hr\/en\/product\/uv-lamp-model-sx\/","og_locale":"en_US","og_type":"article","og_title":"UV lampa model SX - Vitale d.o.o.","og_description":"UVC zra\u010denje iz tehni\u010dkih izvora ekolo\u0161ka alternativa je kemijskim sredstvima za sterilizaciju prostora, ima u\u010dinkovitost 99%.","og_url":"https:\/\/vitale.hr\/en\/product\/uv-lamp-model-sx\/","og_site_name":"Vitale d.o.o.","article_modified_time":"2026-04-14T08:32:38+00:00","og_image":[{"width":800,"height":800,"url":"https:\/\/vitale.hr\/wp-content\/uploads\/2026\/04\/UV-lapma-SX.jpg","type":"image\/jpeg"}],"twitter_card":"summary_large_image","schema":{"@context":"https:\/\/schema.org","@graph":[{"@type":"WebPage","@id":"https:\/\/vitale.hr\/proizvod\/uv-lampa-model-sx\/","url":"https:\/\/vitale.hr\/proizvod\/uv-lampa-model-sx\/","name":"UV lampa model SX - Vitale d.o.o.","isPartOf":{"@id":"https:\/\/vitale.hr\/#website"},"primaryImageOfPage":{"@id":"https:\/\/vitale.hr\/proizvod\/uv-lampa-model-sx\/#primaryimage"},"image":{"@id":"https:\/\/vitale.hr\/proizvod\/uv-lampa-model-sx\/#primaryimage"},"thumbnailUrl":"https:\/\/vitale.hr\/wp-content\/uploads\/2026\/04\/UV-lapma-SX.jpg","datePublished":"2026-04-14T08:32:26+00:00","dateModified":"2026-04-14T08:32:38+00:00","description":"UVC zra\u010denje iz tehni\u010dkih izvora ekolo\u0161ka alternativa je kemijskim sredstvima za sterilizaciju prostora, ima u\u010dinkovitost 99%.","breadcrumb":{"@id":"https:\/\/vitale.hr\/proizvod\/uv-lampa-model-sx\/#breadcrumb"},"inLanguage":"en-US","potentialAction":[{"@type":"ReadAction","target":["https:\/\/vitale.hr\/proizvod\/uv-lampa-model-sx\/"]}]},{"@type":"ImageObject","inLanguage":"en-US","@id":"https:\/\/vitale.hr\/proizvod\/uv-lampa-model-sx\/#primaryimage","url":"https:\/\/vitale.hr\/wp-content\/uploads\/2026\/04\/UV-lapma-SX.jpg","contentUrl":"https:\/\/vitale.hr\/wp-content\/uploads\/2026\/04\/UV-lapma-SX.jpg","width":800,"height":800},{"@type":"BreadcrumbList","@id":"https:\/\/vitale.hr\/proizvod\/uv-lampa-model-sx\/#breadcrumb","itemListElement":[{"@type":"ListItem","position":1,"name":"Home","item":"https:\/\/vitale.hr\/"},{"@type":"ListItem","position":2,"name":"Trgovina","item":"https:\/\/vitale.hr\/en\/shop\/"},{"@type":"ListItem","position":3,"name":"UV lampa model SX"}]},{"@type":"WebSite","@id":"https:\/\/vitale.hr\/#website","url":"https:\/\/vitale.hr\/","name":"Vitale d.o.o.","description":"Proizvodi budu\u0107nosti","publisher":{"@id":"https:\/\/vitale.hr\/#organization"},"potentialAction":[{"@type":"SearchAction","target":{"@type":"EntryPoint","urlTemplate":"https:\/\/vitale.hr\/?s={search_term_string}"},"query-input":{"@type":"PropertyValueSpecification","valueRequired":true,"valueName":"search_term_string"}}],"inLanguage":"en-US"},{"@type":"Organization","@id":"https:\/\/vitale.hr\/#organization","name":"Vitale d.o.o.","url":"https:\/\/vitale.hr\/","logo":{"@type":"ImageObject","inLanguage":"en-US","@id":"https:\/\/vitale.hr\/#\/schema\/logo\/image\/","url":"https:\/\/vitale.hr\/wp-content\/uploads\/2024\/06\/Vitale-Logo.webp","contentUrl":"https:\/\/vitale.hr\/wp-content\/uploads\/2024\/06\/Vitale-Logo.webp","width":200,"height":50,"caption":"Vitale d.o.o."},"image":{"@id":"https:\/\/vitale.hr\/#\/schema\/logo\/image\/"}}]}},"_links":{"self":[{"href":"https:\/\/vitale.hr\/en\/wp-json\/wp\/v2\/product\/2876"}],"collection":[{"href":"https:\/\/vitale.hr\/en\/wp-json\/wp\/v2\/product"}],"about":[{"href":"https:\/\/vitale.hr\/en\/wp-json\/wp\/v2\/types\/product"}],"replies":[{"embeddable":true,"href":"https:\/\/vitale.hr\/en\/wp-json\/wp\/v2\/comments?post=2876"}],"version-history":[{"count":5,"href":"https:\/\/vitale.hr\/en\/wp-json\/wp\/v2\/product\/2876\/revisions"}],"predecessor-version":[{"id":2924,"href":"https:\/\/vitale.hr\/en\/wp-json\/wp\/v2\/product\/2876\/revisions\/2924"}],"wp:featuredmedia":[{"embeddable":true,"href":"https:\/\/vitale.hr\/en\/wp-json\/wp\/v2\/media\/2883"}],"wp:attachment":[{"href":"https:\/\/vitale.hr\/en\/wp-json\/wp\/v2\/media?parent=2876"}],"wp:term":[{"taxonomy":"product_cat","embeddable":true,"href":"https:\/\/vitale.hr\/en\/wp-json\/wp\/v2\/product_cat?post=2876"},{"taxonomy":"product_tag","embeddable":true,"href":"https:\/\/vitale.hr\/en\/wp-json\/wp\/v2\/product_tag?post=2876"}],"curies":[{"name":"wp","href":"https:\/\/api.w.org\/{rel}","templated":true}]}}